{"id":809,"date":"2019-12-27T15:33:34","date_gmt":"2019-12-27T14:33:34","guid":{"rendered":"https:\/\/ketering.de\/?page_id=809"},"modified":"2021-01-21T14:21:02","modified_gmt":"2021-01-21T13:21:02","slug":"home-en-2","status":"publish","type":"page","link":"https:\/\/ketering.de\/en\/","title":{"rendered":"Home"},"content":{"rendered":"\n<div class=\"wp-block-themepunch-revslider revslider\" data-modal=\"false\" data-slidertitle=\"slider startseite EN\" style=\"\">\n\t\t\t\t<p class=\"rs-p-wp-fix\"><\/p>\n\t\t\t\t<sr7-module data-alias=\"slider-startseite-EN\" data-id=\"20\" id=\"SR7_20_1\" class=\"rs-ov-hidden\" data-version=\"6.7.50\">\n\t\t\t\t\t<sr7-adjuster><\/sr7-adjuster>\n\t\t\t\t\t<sr7-content>\n\t\t\t\t\t\t<sr7-slide id=\"SR7_20_1-6\" data-key=\"6\">\n\t\t\t\t\t\t\t<sr7-bg id=\"SR7_20_1-6-12\" class=\"sr7-layer\"><noscript><img decoding=\"async\" src=\"https:\/\/ketering.de\/wp-content\/uploads\/2023\/10\/Fuer-Bewerbung-SF24-366X241.jpg\" alt=\"\" title=\"F\u00fcr Bewerbung SF24, 366X241\"><\/noscript><\/sr7-bg>\n\t\t\t\t\t\t\t<sr7-txt id=\"SR7_20_1-6-1\" class=\"sr7-layer\">CARNIVAL OF CULTURES<\/sr7-txt>\n\t\t\t\t\t\t\t<sr7-txt id=\"SR7_20_1-6-3\" class=\"sr7-layer\"><span style=\"font-weight:600;\">street festival and street parade<\/span><br>art, music and culture<\/span><br\/>22th -25th may 2026<br\/>in Berlin <br\/>\n<\/sr7-txt>\n\t\t\t\t\t\t\t<sr7-txt id=\"SR7_20_1-6-9\" class=\"sr7-layer\">BERLIN <\/sr7-txt>\n\t\t\t\t\t\t<\/sr7-slide>\n\t\t\t\t\t\t<sr7-slide id=\"SR7_20_1-12\" data-key=\"12\">\n\t\t\t\t\t\t\t<sr7-bg id=\"SR7_20_1-12-12\" class=\"sr7-layer\"><noscript><img decoding=\"async\" src=\"https:\/\/ketering.de\/wp-content\/uploads\/2023\/09\/ff24-motiv-csd-berlin-rainbow-01-pixabay-1140x630-1.jpg\" alt=\"\" title=\"ff24-motiv-csd-berlin-rainbow-01-pixabay-1140&#215;630\"><\/noscript><\/sr7-bg>\n\t\t\t\t\t\t\t<sr7-txt id=\"SR7_20_1-12-1\" class=\"sr7-layer\">Christopher Street Day Berlin<\/sr7-txt>\n\t\t\t\t\t\t\t<sr7-txt id=\"SR7_20_1-12-3\" class=\"sr7-layer\"><span style=\"font-weight:600;\">Berlin<\/span><br\/>24.-25. Juli<br\/> KuDamm, \nNollendorffplatz, L\u00fctzowplatz <br\/>\nSiegess\u00e4ule, Stra\u00dfe des 17. Juni, Brandenburger Tor<\/sr7-txt>\n\t\t\t\t\t\t\t<sr7-txt id=\"SR7_20_1-12-9\" class=\"sr7-layer\">24. and 25. Juli 2026<\/sr7-txt>\n\t\t\t\t\t\t<\/sr7-slide>\n\t\t\t\t\t\t<sr7-slide id=\"SR7_20_1-10\" data-key=\"10\">\n\t\t\t\t\t\t\t<sr7-bg id=\"SR7_20_1-10-12\" class=\"sr7-layer\"><noscript><img decoding=\"async\" src=\"https:\/\/ketering.de\/wp-content\/uploads\/2026\/01\/RTP-2-2026.jpg\" alt=\"\" title=\"RTP 2 2026\"><\/noscript><\/sr7-bg>\n\t\t\t\t\t\t\t<sr7-txt id=\"SR7_20_1-10-1\" class=\"sr7-layer\">RAVE THE PLANET<\/sr7-txt>\n\t\t\t\t\t\t\t<sr7-txt id=\"SR7_20_1-10-3\" class=\"sr7-layer\"><span style=\"font-weight:600;\">15. August 2026 <\/span><br\/>, Brandenburger Tor, Stra\u00dfe des 17. Juni, Siegess\u00e4ule<br\/>\nin Berlin<\/sr7-txt>\n\t\t\t\t\t\t\t<sr7-txt id=\"SR7_20_1-10-9\" class=\"sr7-layer\">IMAGIN NOW<\/sr7-txt>\n\t\t\t\t\t\t<\/sr7-slide>\n\t\t\t\t\t\t<sr7-slide id=\"SR7_20_1-9\" data-key=\"9\">\n\t\t\t\t\t\t\t<sr7-bg id=\"SR7_20_1-9-12\" class=\"sr7-layer\"><noscript><img decoding=\"async\" src=\"https:\/\/ketering.de\/wp-content\/uploads\/revslider\/slider-black-header-11\/streetfood.jpg\" alt=\"\" title=\"streetfood.jpg\"><\/noscript><\/sr7-bg>\n\t\t\t\t\t\t\t<sr7-txt id=\"SR7_20_1-9-1\" class=\"sr7-layer\">STREETFOOD AT THE ACHSE<\/sr7-txt>\n\t\t\t\t\t\t\t<sr7-txt id=\"SR7_20_1-9-3\" class=\"sr7-layer\"><span style=\"font-weight:600;\">Every Sunday<\/span><br\/>the street food market<br\/>\n<\/sr7-txt>\n\t\t\t\t\t\t\t<sr7-txt id=\"SR7_20_1-9-9\" class=\"sr7-layer\">BERLIN<\/sr7-txt>\n\t\t\t\t\t\t<\/sr7-slide>\n\t\t\t\t\t\t<sr7-slide id=\"SR7_20_1-8\" data-key=\"8\">\n\t\t\t\t\t\t\t<sr7-bg id=\"SR7_20_1-8-12\" class=\"sr7-layer\"><noscript><img decoding=\"async\" src=\"https:\/\/ketering.de\/wp-content\/uploads\/2019\/12\/Lucia-Presse-2019-Foto@Joachim-Loch.jpg\" alt=\"\" title=\"Lucia-Presse-2019-Foto@Joachim-Loch\"><\/noscript><\/sr7-bg>\n\t\t\t\t\t\t\t<sr7-txt id=\"SR7_20_1-8-1\" class=\"sr7-layer\">LUCIA XMAS MARKET<\/sr7-txt>\n\t\t\t\t\t\t\t<sr7-txt id=\"SR7_20_1-8-3\" class=\"sr7-layer\"><span style=\"font-weight:600;\">year after year<\/span><br\/>23. November-22. Dezember 2026<br\/>\nin Berlin<\/sr7-txt>\n\t\t\t\t\t\t\t<sr7-txt id=\"SR7_20_1-8-9\" class=\"sr7-layer\">BERLIN<\/sr7-txt>\n\t\t\t\t\t\t<\/sr7-slide>\n\t\t\t\t\t\t<sr7-slide id=\"SR7_20_1-41\" data-key=\"41\">\n\t\t\t\t\t\t<\/sr7-slide>\n\t\t\t\t\t<\/sr7-content>\n\t\t\t\t\t<image_lists style=\"display:none\">\n\t\t\t\t\t\t<img data-src=\"\/\/ketering.de\/wp-content\/uploads\/2023\/10\/Fuer-Bewerbung-SF24-366X241.jpg\" data-libid=\"3124\" data-lib=\"medialibrary\" title=\"F\u00fcr Bewerbung SF24, 366X241\" width=\"0\" height=\"0\" data-dbsrc=\"Ly9rZXRlcmluZy5kZS93cC1jb250ZW50L3VwbG9hZHMvMjAyMy8xMC9GdWVyLUJld2VyYnVuZy1TRjI0LTM2NlgyNDEuanBn\"\/>\n\t\t\t\t\t\t<img data-src=\"\/\/ketering.de\/wp-content\/uploads\/2020\/01\/schloessernacht-potsdam-ketering-foto-sebastian-latzke.jpg\" data-libid=\"1123\" data-lib=\"medialibrary\" alt=\"ketering-eventmanagement-foto-sebastian-latzke\" title=\"schloessernacht-potsdam-ketering-foto-sebastian-latzke\" width=\"0\" height=\"0\" data-dbsrc=\"Ly9rZXRlcmluZy5kZS93cC1jb250ZW50L3VwbG9hZHMvMjAyMC8wMS9zY2hsb2Vzc2VybmFjaHQtcG90c2RhbS1rZXRlcmluZy1mb3RvLXNlYmFzdGlhbi1sYXR6a2UuanBn\"\/>\n\t\t\t\t\t\t<img data-src=\"\/\/ketering.de\/wp-content\/uploads\/2019\/12\/Lucia-Presse-2019-Foto@Joachim-Loch.jpg\" data-libid=\"954\" data-lib=\"medialibrary\" title=\"Lucia-Presse-2019-Foto@Joachim-Loch\" width=\"0\" height=\"0\" data-dbsrc=\"Ly9rZXRlcmluZy5kZS93cC1jb250ZW50L3VwbG9hZHMvMjAxOS8xMi9MdWNpYS1QcmVzc2UtMjAxOS1Gb3RvQEpvYWNoaW0tTG9jaC5qcGc=\"\/>\n\t\t\t\t\t\t<img data-src=\"\/\/ketering.de\/wp-content\/uploads\/revslider\/slider-black-header-11\/streetfood.jpg\" data-libid=\"42\" title=\"streetfood.jpg\" width=\"0\" height=\"0\" data-dbsrc=\"Ly9rZXRlcmluZy5kZS93cC1jb250ZW50L3VwbG9hZHMvcmV2c2xpZGVyL3NsaWRlci1ibGFjay1oZWFkZXItMTEvc3RyZWV0Zm9vZC5qcGc=\"\/>\n\t\t\t\t\t\t<img data-src=\"\/\/ketering.de\/wp-content\/uploads\/2026\/01\/RTP-2-2026.jpg\" data-libid=\"4723\" data-lib=\"medialibrary\" title=\"RTP 2 2026\" width=\"0\" height=\"0\" data-dbsrc=\"Ly9rZXRlcmluZy5kZS93cC1jb250ZW50L3VwbG9hZHMvMjAyNi8wMS9SVFAtMi0yMDI2LmpwZw==\"\/>\n\t\t\t\t\t\t<img data-src=\"\/\/ketering.de\/wp-content\/uploads\/2023\/09\/ff24-motiv-csd-berlin-rainbow-01-pixabay-1140x630-1.jpg\" data-libid=\"3000\" data-lib=\"medialibrary\" title=\"ff24-motiv-csd-berlin-rainbow-01-pixabay-1140&#215;630\" width=\"0\" height=\"0\" data-dbsrc=\"Ly9rZXRlcmluZy5kZS93cC1jb250ZW50L3VwbG9hZHMvMjAyMy8wOS9mZjI0LW1vdGl2LWNzZC1iZXJsaW4tcmFpbmJvdy0wMS1waXhhYmF5LTExNDB4NjMwLTEuanBn\"\/>\n\t\t\t\t\t\t<img data-src=\"\/\/ketering.de\/wp-content\/uploads\/2021\/01\/LOGO-1200x400Ganz-KW-feiertCMYK.jpg\" data-libid=\"1999\" data-lib=\"medialibrary\" title=\"LOGO 1200&#215;400,Ganz KW feiertCMYK\" width=\"0\" height=\"0\" data-dbsrc=\"Ly9rZXRlcmluZy5kZS93cC1jb250ZW50L3VwbG9hZHMvMjAyMS8wMS9MT0dPLTEyMDB4NDAwR2Fuei1LVy1mZWllcnRDTVlLLmpwZw==\"\/>\n\t\t\t\t\t\t<img data-src=\"\/\/ketering.de\/wp-content\/uploads\/2020\/01\/IMG_3636.jpg\" data-libid=\"1267\" data-lib=\"medialibrary\" title=\"IMG_3636\" width=\"0\" height=\"0\" data-dbsrc=\"Ly9rZXRlcmluZy5kZS93cC1jb250ZW50L3VwbG9hZHMvMjAyMC8wMS9JTUdfMzYzNi5qcGc=\"\/>\n\t\t\t\t\t\t<img data-src=\"\/\/ketering.de\/wp-content\/uploads\/2022\/01\/2110_KTR_Stadtgarten-TBN_390x105-scaled.jpg\" data-libid=\"2137\" data-lib=\"medialibrary\" title=\"2110_KTR_Stadtgarten-TBN_390x105\" width=\"0\" height=\"0\" data-dbsrc=\"Ly9rZXRlcmluZy5kZS93cC1jb250ZW50L3VwbG9hZHMvMjAyMi8wMS8yMTEwX0tUUl9TdGFkdGdhcnRlbi1UQk5fMzkweDEwNS1zY2FsZWQuanBn\"\/>\n\t\t\t\t\t\t<img data-src=\"\/\/ketering.de\/wp-content\/uploads\/2021\/01\/Facebookbanner-Spezial.jpg\" data-libid=\"2003\" data-lib=\"medialibrary\" title=\"Facebookbanner-Spezial\" width=\"0\" height=\"0\" data-dbsrc=\"Ly9rZXRlcmluZy5kZS93cC1jb250ZW50L3VwbG9hZHMvMjAyMS8wMS9GYWNlYm9va2Jhbm5lci1TcGV6aWFsLmpwZw==\"\/>\n\t\t\t\t\t\t<img data-src=\"\/\/ketering.de\/wp-content\/uploads\/2022\/03\/assets.berlin2023.org_.jpg\" data-libid=\"2200\" data-lib=\"medialibrary\" title=\"assets.berlin2023.org\" width=\"0\" height=\"0\" data-dbsrc=\"Ly9rZXRlcmluZy5kZS93cC1jb250ZW50L3VwbG9hZHMvMjAyMi8wMy9hc3NldHMuYmVybGluMjAyMy5vcmdfLmpwZw==\"\/>\n\t\t\t\t\t\t<img data-src=\"\/\/ketering.de\/wp-content\/uploads\/2026\/01\/Schokoladenmarkt_Potsdam-c-Sebastian_Rost_Fotografie-98-scaled.jpg\" data-libid=\"4701\" data-lib=\"medialibrary\" title=\"Schokoladenmarkt_Potsdam-c-Sebastian_Rost_Fotografie-98\" width=\"0\" height=\"0\" data-dbsrc=\"Ly9rZXRlcmluZy5kZS93cC1jb250ZW50L3VwbG9hZHMvMjAyNi8wMS9TY2hva29sYWRlbm1hcmt0X1BvdHNkYW0tYy1TZWJhc3RpYW5fUm9zdF9Gb3RvZ3JhZmllLTk4LXNjYWxlZC5qcGc=\"\/>\n\t\t\t\t\t<\/image_lists>\n\t\t\t\t<\/sr7-module>\n\t\t\t\t<script>\n\t\t\t\t\twindow.SR7 ??={};SR7.PMH ??={}; SR7.PMH[\"SR7_20_1\"] = {cn:100,state:false,fn: function() { if (_tpt!==undefined && _tpt.prepareModuleHeight !== undefined) {  _tpt.prepareModuleHeight({id:\"SR7_20_1\",el:[420,420,768,960,720],type:'standard',shdw:'0',gh:[420,420,420,960,720],gw:[1240,1240,1024,778,480],vpt:['-200px&#039;,&#039;-200px&#039;,&#039;-200px&#039;,&#039;-200px&#039;,&#039;-200px'],size:{fullWidth:true, fullHeight:false},mh:'0',onh:0,onw:0,bg:{color:'{\"orig\":\"transparent\",\"type\":\"solid\",\"string\":\"transparent\"}'},plType:'-1',plColor:'#FFFFFF'});   SR7.PMH[\"SR7_20_1\"].state=true;} else if(SR7.PMH[\"SR7_20_1\"].cn-->0)\tsetTimeout( SR7.PMH[\"SR7_20_1\"].fn,19);}};SR7.PMH[\"SR7_20_1\" ].fn();\n\t\t\t\t<\/script>\n<\/div>\n\n\n\n<div class=\"wp-block-columns has-2-columns is-layout-flex wp-container-core-columns-is-layout-9d6595d7 wp-block-columns-is-layout-flex\">\n<div class=\"wp-block-column is-layout-flow wp-block-column-is-layout-flow\">\n<h2 class=\"wp-block-heading\"><h2>Event Management with Focus:<\/h2><\/h2>\n\n\n\n<p>Technical project management, planning and implementation of street festivals, markets and major events in public and private spaces. <\/p>\n<\/div>\n\n\n\n<div class=\"wp-block-column is-layout-flow wp-block-column-is-layout-flow\">\n<h2 class=\"wp-block-heading\"><h2>Event conceptualisation and implementation:<\/h2><\/h2>\n\n\n\n<p>Content-related, logistical, administrative, technical, gastronomic, promotional<\/p>\n<\/div>\n<\/div>\n\n\n\n<div class=\"wp-block-columns has-2-columns is-layout-flex wp-container-core-columns-is-layout-9d6595d7 wp-block-columns-is-layout-flex\">\n<div class=\"wp-block-column is-layout-flow wp-block-column-is-layout-flow\">\n<div class=\"wp-block-button\"><a class=\"wp-block-button__link has-text-color has-background no-border-radius\" href=\"https:\/\/ketering.de\/en\/apply-as-trader\/\" style=\"background-color:#ffffff;color:#000000\">YES: I want to be on board as an event caterer!<\/a><\/div>\n<\/div>\n\n\n\n<div class=\"wp-block-column is-layout-flow wp-block-column-is-layout-flow\">\n<div class=\"wp-block-button\"><a class=\"wp-block-button__link has-text-color has-background no-border-radius\" href=\"https:\/\/ketering.de\/en\/contact\/\" style=\"background-color:#ffffff;color:#000000\">HELL YEAH: I want you to organise my event!<\/a><\/div>\n<\/div>\n<\/div>\n\n\n\n<div class=\"wp-block-columns has-2-columns is-layout-flex wp-container-core-columns-is-layout-9d6595d7 wp-block-columns-is-layout-flex\">\n<div class=\"wp-block-column is-layout-flow wp-block-column-is-layout-flow\">\n<p>Seit 1989 setzt die KETERING GmbH leidenschaftlich und kreativ Events <a href=\"https:\/\/ketering.de\/event-ideen-konzepte\/\">im privaten<\/a> und <a href=\"https:\/\/ketering.de\/im-oeffentlichen-raum\/\">\u00f6ffentlichen Raum<\/a> um. Durch die jahrelange Erfahrung sind wir Profis im <a href=\"https:\/\/ketering.de\/leistungen-schnittstellen\/\">Schnittstellen-Management <\/a>und bei den administrativen<\/p>\n<\/div>\n\n\n\n<div class=\"wp-block-column is-layout-flow wp-block-column-is-layout-flow\">\n<p>Abl\u00e4ufen mit Veranstaltern, H\u00e4ndlern, \u00c4mtern und AnwohnerInnen. Wir kennen  die rechtlichen Bestimmungen und stehen f\u00fcr nachhaltige und sichere  Veranstaltungen!<br><a href=\"https:\/\/ketering.de\/ketering-team\/\">Mehr \u00fcber KETERING erfahren und das Team kennenlernen.<\/a><\/p>\n<\/div>\n<\/div>\n\n\n\n<div style=\"height:20px\" aria-hidden=\"true\" class=\"wp-block-spacer\"><\/div>\n\n\n\n<div style=\"height:40px\" aria-hidden=\"true\" class=\"wp-block-spacer\"><\/div>\n\n\n\n<div class=\"wp-block-themepunch-revslider revslider\" data-modal=\"false\" data-slidertitle=\"Newsletter\" style=\"\">\n\t\t\t\t<p class=\"rs-p-wp-fix\"><\/p>\n\t\t\t\t<sr7-module data-alias=\"Newsletter-\" data-id=\"2\" id=\"SR7_2_2\" class=\"rs-ov-hidden\" data-version=\"6.7.50\">\n\t\t\t\t\t<sr7-adjuster><\/sr7-adjuster>\n\t\t\t\t\t<sr7-content>\n\t\t\t\t\t\t<sr7-slide id=\"SR7_2_2-1\" data-key=\"1\">\n\t\t\t\t\t\t\t<sr7-txt id=\"SR7_2_2-1-1\" class=\"sr7-layer\">KETERING Veranstaltungs - GmbH<\/sr7-txt>\n\t\t\t\t\t\t\t<sr7-txt id=\"SR7_2_2-1-4\" class=\"sr7-layer\">mail@ketering.de <br>Tel.  +49 30 443 10 737<br \/><\/sr7-txt>\n\t\t\t\t\t\t<\/sr7-slide>\n\t\t\t\t\t\t<sr7-slide id=\"SR7_2_2-39\" data-key=\"39\">\n\t\t\t\t\t\t<\/sr7-slide>\n\t\t\t\t\t<\/sr7-content>\n\t\t\t\t<\/sr7-module>\n\t\t\t\t<script>\n\t\t\t\t\twindow.SR7 ??={};SR7.PMH ??={}; SR7.PMH[\"SR7_2_2\"] = {cn:100,state:false,fn: function() { if (_tpt!==undefined && _tpt.prepareModuleHeight !== undefined) {  _tpt.prepareModuleHeight({id:\"SR7_2_2\",el:[300,300,300,400,300],type:'hero',shdw:'0',gh:[300,300,300,400,300],gw:[1240,1240,1024,778,480],vpt:['-200px&#039;,&#039;-200px&#039;,&#039;-200px&#039;,&#039;-200px&#039;,&#039;-200px'],size:{fullWidth:true, fullHeight:false},mh:'0',onh:0,onw:0,bg:{color:'{\"orig\":\"transparent\",\"type\":\"solid\",\"string\":\"transparent\"}'},plType:'-1',plColor:'#FFFFFF'});   SR7.PMH[\"SR7_2_2\"].state=true;} else if(SR7.PMH[\"SR7_2_2\"].cn-->0)\tsetTimeout( SR7.PMH[\"SR7_2_2\"].fn,19);}};SR7.PMH[\"SR7_2_2\" ].fn();\n\t\t\t\t<\/script>\n<\/div>\n\n\n\n<p><\/p>\n","protected":false},"excerpt":{"rendered":"<p>Event Management with Focus: Technical project management, planning and implementation of street festivals, markets and major events in public and private spaces. Event conceptualisation and implementation: Content-related, logistical, administrative, technical, gastronomic, promotional Seit 1989 setzt die KETERING GmbH leidenschaftlich und kreativ Events im privaten und \u00f6ffentlichen Raum um. Durch die jahrelange Erfahrung sind wir Profis im Schnittstellen-Management und bei den administrativen Abl\u00e4ufen mit Veranstaltern, H\u00e4ndlern, \u00c4mtern und AnwohnerInnen. Wir kennen die rechtlichen Bestimmungen und stehen f\u00fcr nachhaltige und sichere Veranstaltungen!Mehr \u00fcber KETERING erfahren und das Team kennenlernen.<\/p>\n","protected":false},"author":2,"featured_media":0,"parent":0,"menu_order":0,"comment_status":"closed","ping_status":"closed","template":"page-templates\/full-width.php","meta":{"footnotes":""},"class_list":["post-809","page","type-page","status-publish","hentry"],"yoast_head":"<!-- This site is optimized with the Yoast SEO plugin v27.1.1 - https:\/\/yoast.com\/product\/yoast-seo-wordpress\/ -->\n<title>Home - Ketering - Event-Management<\/title>\n<meta name=\"robots\" content=\"index, follow, max-snippet:-1, max-image-preview:large, max-video-preview:-1\" \/>\n<link rel=\"canonical\" href=\"https:\/\/ketering.de\/en\/\" \/>\n<meta property=\"og:locale\" content=\"en_US\" \/>\n<meta property=\"og:type\" content=\"article\" \/>\n<meta property=\"og:title\" content=\"Home - Ketering - Event-Management\" \/>\n<meta property=\"og:description\" content=\"Event Management with Focus: Technical project management, planning and implementation of street festivals, markets and major events in public and private spaces. Event conceptualisation and implementation: Content-related, logistical, administrative, technical, gastronomic, promotional Seit 1989 setzt die KETERING GmbH leidenschaftlich und kreativ Events im privaten und \u00f6ffentlichen Raum um. Durch die jahrelange Erfahrung sind wir Profis im Schnittstellen-Management und bei den administrativen Abl\u00e4ufen mit Veranstaltern, H\u00e4ndlern, \u00c4mtern und AnwohnerInnen. Wir kennen die rechtlichen Bestimmungen und stehen f\u00fcr nachhaltige und sichere Veranstaltungen!Mehr \u00fcber KETERING erfahren und das Team kennenlernen.\" \/>\n<meta property=\"og:url\" content=\"https:\/\/ketering.de\/en\/\" \/>\n<meta property=\"og:site_name\" content=\"Ketering - Event-Management\" \/>\n<meta property=\"article:modified_time\" content=\"2021-01-21T13:21:02+00:00\" \/>\n<meta name=\"twitter:card\" content=\"summary_large_image\" \/>\n<meta name=\"twitter:label1\" content=\"Gesch\u00e4tzte Lesezeit\" \/>\n\t<meta name=\"twitter:data1\" content=\"1\u00a0Minute\" \/>\n<script type=\"application\/ld+json\" class=\"yoast-schema-graph\">{\"@context\":\"https:\/\/schema.org\",\"@graph\":[{\"@type\":\"WebPage\",\"@id\":\"https:\/\/ketering.de\/en\/\",\"url\":\"https:\/\/ketering.de\/en\/\",\"name\":\"Home - Ketering - Event-Management\",\"isPartOf\":{\"@id\":\"https:\/\/ketering.de\/#website\"},\"datePublished\":\"2019-12-27T14:33:34+00:00\",\"dateModified\":\"2021-01-21T13:21:02+00:00\",\"breadcrumb\":{\"@id\":\"https:\/\/ketering.de\/en\/#breadcrumb\"},\"inLanguage\":\"de\",\"potentialAction\":[{\"@type\":\"ReadAction\",\"target\":[\"https:\/\/ketering.de\/en\/\"]}]},{\"@type\":\"BreadcrumbList\",\"@id\":\"https:\/\/ketering.de\/en\/#breadcrumb\",\"itemListElement\":[{\"@type\":\"ListItem\",\"position\":1,\"name\":\"Startseite\",\"item\":\"https:\/\/ketering.de\/en\/\"},{\"@type\":\"ListItem\",\"position\":2,\"name\":\"Home\"}]},{\"@type\":\"WebSite\",\"@id\":\"https:\/\/ketering.de\/#website\",\"url\":\"https:\/\/ketering.de\/\",\"name\":\"Ketering - Event-Management\",\"description\":\"\",\"potentialAction\":[{\"@type\":\"SearchAction\",\"target\":{\"@type\":\"EntryPoint\",\"urlTemplate\":\"https:\/\/ketering.de\/?s={search_term_string}\"},\"query-input\":{\"@type\":\"PropertyValueSpecification\",\"valueRequired\":true,\"valueName\":\"search_term_string\"}}],\"inLanguage\":\"de\"}]}<\/script>\n<!-- \/ Yoast SEO plugin. -->","yoast_head_json":{"title":"Home - Ketering - Event-Management","robots":{"index":"index","follow":"follow","max-snippet":"max-snippet:-1","max-image-preview":"max-image-preview:large","max-video-preview":"max-video-preview:-1"},"canonical":"https:\/\/ketering.de\/en\/","og_locale":"en_US","og_type":"article","og_title":"Home - Ketering - Event-Management","og_description":"Event Management with Focus: Technical project management, planning and implementation of street festivals, markets and major events in public and private spaces. Event conceptualisation and implementation: Content-related, logistical, administrative, technical, gastronomic, promotional Seit 1989 setzt die KETERING GmbH leidenschaftlich und kreativ Events im privaten und \u00f6ffentlichen Raum um. Durch die jahrelange Erfahrung sind wir Profis im Schnittstellen-Management und bei den administrativen Abl\u00e4ufen mit Veranstaltern, H\u00e4ndlern, \u00c4mtern und AnwohnerInnen. Wir kennen die rechtlichen Bestimmungen und stehen f\u00fcr nachhaltige und sichere Veranstaltungen!Mehr \u00fcber KETERING erfahren und das Team kennenlernen.","og_url":"https:\/\/ketering.de\/en\/","og_site_name":"Ketering - Event-Management","article_modified_time":"2021-01-21T13:21:02+00:00","twitter_card":"summary_large_image","twitter_misc":{"Gesch\u00e4tzte Lesezeit":"1\u00a0Minute"},"schema":{"@context":"https:\/\/schema.org","@graph":[{"@type":"WebPage","@id":"https:\/\/ketering.de\/en\/","url":"https:\/\/ketering.de\/en\/","name":"Home - Ketering - Event-Management","isPartOf":{"@id":"https:\/\/ketering.de\/#website"},"datePublished":"2019-12-27T14:33:34+00:00","dateModified":"2021-01-21T13:21:02+00:00","breadcrumb":{"@id":"https:\/\/ketering.de\/en\/#breadcrumb"},"inLanguage":"de","potentialAction":[{"@type":"ReadAction","target":["https:\/\/ketering.de\/en\/"]}]},{"@type":"BreadcrumbList","@id":"https:\/\/ketering.de\/en\/#breadcrumb","itemListElement":[{"@type":"ListItem","position":1,"name":"Startseite","item":"https:\/\/ketering.de\/en\/"},{"@type":"ListItem","position":2,"name":"Home"}]},{"@type":"WebSite","@id":"https:\/\/ketering.de\/#website","url":"https:\/\/ketering.de\/","name":"Ketering - Event-Management","description":"","potentialAction":[{"@type":"SearchAction","target":{"@type":"EntryPoint","urlTemplate":"https:\/\/ketering.de\/?s={search_term_string}"},"query-input":{"@type":"PropertyValueSpecification","valueRequired":true,"valueName":"search_term_string"}}],"inLanguage":"de"}]}},"_links":{"self":[{"href":"https:\/\/ketering.de\/en\/wp-json\/wp\/v2\/pages\/809","targetHints":{"allow":["GET"]}}],"collection":[{"href":"https:\/\/ketering.de\/en\/wp-json\/wp\/v2\/pages"}],"about":[{"href":"https:\/\/ketering.de\/en\/wp-json\/wp\/v2\/types\/page"}],"author":[{"embeddable":true,"href":"https:\/\/ketering.de\/en\/wp-json\/wp\/v2\/users\/2"}],"replies":[{"embeddable":true,"href":"https:\/\/ketering.de\/en\/wp-json\/wp\/v2\/comments?post=809"}],"version-history":[{"count":22,"href":"https:\/\/ketering.de\/en\/wp-json\/wp\/v2\/pages\/809\/revisions"}],"predecessor-version":[{"id":2048,"href":"https:\/\/ketering.de\/en\/wp-json\/wp\/v2\/pages\/809\/revisions\/2048"}],"wp:attachment":[{"href":"https:\/\/ketering.de\/en\/wp-json\/wp\/v2\/media?parent=809"}],"curies":[{"name":"wp","href":"https:\/\/api.w.org\/{rel}","templated":true}]}}