{"id":614,"date":"2019-12-04T20:41:38","date_gmt":"2019-12-04T19:41:38","guid":{"rendered":"https:\/\/ketering.de\/?page_id=614"},"modified":"2026-01-13T21:44:32","modified_gmt":"2026-01-13T20:44:32","slug":"impressum","status":"publish","type":"page","link":"https:\/\/ketering.de\/en\/impressum\/","title":{"rendered":"Impressum"},"content":{"rendered":"\n<div style=\"height:30px\" aria-hidden=\"true\" class=\"wp-block-spacer\"><\/div>\n\n\n\n<p><strong>KETERING Veranstaltungs-GmbH<\/strong><br>Frankfurter Allee 15<br>(Eingang und Zustellung nur gegen\u00fcber Liebigstra\u00dfe 2)<br>10247 Berlin<\/p>\n\n\n\n<p>tel. +49 30 443 10 737<br><a href=\"mailto:info@ketering.de\">info@ketering.de<\/a><\/p>\n\n\n\n<p>E-Rechnungsadresse: 305716@rechnungseingang.net<\/p>\n\n\n\n<p><a href=\"https:\/\/ketering.de\/datenschutz\/\">Datenschutzerkl\u00e4rung<\/a><br><br>Vertretungsberechtigte Gesch\u00e4ftsf\u00fchrer: J\u00f6rg H\u00fcbner &amp; Michael Wiegner<br>Registergericht: Amtsgericht Charlottenburg<br>Registernummer: HRB Nr.66850<br>Umsatzsteuer-Identifikationsnummer gem\u00e4\u00df \u00a7 27 a<br>Umsatzsteuergesetz: EU-Ust-(VAT)-ID: DE 193585223<br><br>Die Ketering GmbH distanziert sich ausdr\u00fccklich von allen Inhalten, die sich hinter den angegebenen Links, den dahinter stehenden Servern, weiterf\u00fchrenden Links, G\u00e4steb\u00fcchern und s\u00e4mtlichen anderen sichtbaren und nicht sichtbaren Inhalten verbergen. Sollte eine der Seiten auf den entsprechenden Servern gegen geltendes Recht verstossen, so ist der Ketering GmbH dieses nicht bekannt. Auf entsprechende Benachrichtigung hin wird die Ketering GmbH selbstverst\u00e4ndlich den Link zu dem entsprechenden Server entfernen. Schlie\u00dflich weist die Ketering GmbH darauf hin, dass diese Seite zur privaten Information gedacht ist.<\/p>\n","protected":false},"excerpt":{"rendered":"<p>KETERING Veranstaltungs-GmbHFrankfurter Allee 15(Eingang und Zustellung nur gegen\u00fcber Liebigstra\u00dfe 2)10247 Berlin tel. +49 30 443 10 737info@ketering.de E-Rechnungsadresse: 305716@rechnungseingang.net Datenschutzerkl\u00e4rung Vertretungsberechtigte Gesch\u00e4ftsf\u00fchrer: J\u00f6rg H\u00fcbner &amp; Michael WiegnerRegistergericht: Amtsgericht CharlottenburgRegisternummer: HRB Nr.66850Umsatzsteuer-Identifikationsnummer gem\u00e4\u00df \u00a7 27 aUmsatzsteuergesetz: EU-Ust-(VAT)-ID: DE 193585223 Die Ketering GmbH distanziert sich ausdr\u00fccklich von allen Inhalten, die sich hinter den angegebenen Links, den dahinter stehenden Servern, weiterf\u00fchrenden Links, G\u00e4steb\u00fcchern und s\u00e4mtlichen anderen sichtbaren und nicht sichtbaren Inhalten verbergen. Sollte eine der Seiten auf den entsprechenden Servern gegen geltendes Recht verstossen, so ist der Ketering GmbH dieses nicht bekannt. Auf entsprechende Benachrichtigung hin wird die Ketering GmbH selbstverst\u00e4ndlich den Link zu dem entsprechenden Server entfernen. Schlie\u00dflich weist die Ketering GmbH darauf hin, dass diese Seite zur privaten Information gedacht ist.<\/p>\n","protected":false},"author":1,"featured_media":0,"parent":0,"menu_order":0,"comment_status":"closed","ping_status":"closed","template":"","meta":{"footnotes":""},"class_list":["post-614","page","type-page","status-publish","hentry"],"yoast_head":"<!-- This site is optimized with the Yoast SEO plugin v27.1.1 - https:\/\/yoast.com\/product\/yoast-seo-wordpress\/ -->\n<title>Impressum - Ketering - Event-Management<\/title>\n<meta name=\"robots\" content=\"index, follow, max-snippet:-1, max-image-preview:large, max-video-preview:-1\" \/>\n<link rel=\"canonical\" href=\"https:\/\/ketering.de\/impressum\/\" \/>\n<meta property=\"og:locale\" content=\"en_US\" \/>\n<meta property=\"og:type\" content=\"article\" \/>\n<meta property=\"og:title\" content=\"Impressum - Ketering - Event-Management\" \/>\n<meta property=\"og:description\" content=\"KETERING Veranstaltungs-GmbHFrankfurter Allee 15(Eingang und Zustellung nur gegen\u00fcber Liebigstra\u00dfe 2)10247 Berlin tel. +49 30 443 10 737info@ketering.de E-Rechnungsadresse: 305716@rechnungseingang.net Datenschutzerkl\u00e4rung Vertretungsberechtigte Gesch\u00e4ftsf\u00fchrer: J\u00f6rg H\u00fcbner &amp; Michael WiegnerRegistergericht: Amtsgericht CharlottenburgRegisternummer: HRB Nr.66850Umsatzsteuer-Identifikationsnummer gem\u00e4\u00df \u00a7 27 aUmsatzsteuergesetz: EU-Ust-(VAT)-ID: DE 193585223 Die Ketering GmbH distanziert sich ausdr\u00fccklich von allen Inhalten, die sich hinter den angegebenen Links, den dahinter stehenden Servern, weiterf\u00fchrenden Links, G\u00e4steb\u00fcchern und s\u00e4mtlichen anderen sichtbaren und nicht sichtbaren Inhalten verbergen. Sollte eine der Seiten auf den entsprechenden Servern gegen geltendes Recht verstossen, so ist der Ketering GmbH dieses nicht bekannt. Auf entsprechende Benachrichtigung hin wird die Ketering GmbH selbstverst\u00e4ndlich den Link zu dem entsprechenden Server entfernen. Schlie\u00dflich weist die Ketering GmbH darauf hin, dass diese Seite zur privaten Information gedacht ist.\" \/>\n<meta property=\"og:url\" content=\"https:\/\/ketering.de\/impressum\/\" \/>\n<meta property=\"og:site_name\" content=\"Ketering - Event-Management\" \/>\n<meta property=\"article:modified_time\" content=\"2026-01-13T20:44:32+00:00\" \/>\n<meta name=\"twitter:card\" content=\"summary_large_image\" \/>\n<meta name=\"twitter:label1\" content=\"Gesch\u00e4tzte Lesezeit\" \/>\n\t<meta name=\"twitter:data1\" content=\"1\u00a0Minute\" \/>\n<script type=\"application\/ld+json\" class=\"yoast-schema-graph\">{\"@context\":\"https:\/\/schema.org\",\"@graph\":[{\"@type\":\"WebPage\",\"@id\":\"https:\/\/ketering.de\/impressum\/\",\"url\":\"https:\/\/ketering.de\/impressum\/\",\"name\":\"Impressum - Ketering - Event-Management\",\"isPartOf\":{\"@id\":\"https:\/\/ketering.de\/#website\"},\"datePublished\":\"2019-12-04T19:41:38+00:00\",\"dateModified\":\"2026-01-13T20:44:32+00:00\",\"breadcrumb\":{\"@id\":\"https:\/\/ketering.de\/impressum\/#breadcrumb\"},\"inLanguage\":\"de\",\"potentialAction\":[{\"@type\":\"ReadAction\",\"target\":[\"https:\/\/ketering.de\/impressum\/\"]}]},{\"@type\":\"BreadcrumbList\",\"@id\":\"https:\/\/ketering.de\/impressum\/#breadcrumb\",\"itemListElement\":[{\"@type\":\"ListItem\",\"position\":1,\"name\":\"Startseite\",\"item\":\"https:\/\/ketering.de\/en\/\"},{\"@type\":\"ListItem\",\"position\":2,\"name\":\"Impressum\"}]},{\"@type\":\"WebSite\",\"@id\":\"https:\/\/ketering.de\/#website\",\"url\":\"https:\/\/ketering.de\/\",\"name\":\"Ketering - Event-Management\",\"description\":\"\",\"potentialAction\":[{\"@type\":\"SearchAction\",\"target\":{\"@type\":\"EntryPoint\",\"urlTemplate\":\"https:\/\/ketering.de\/?s={search_term_string}\"},\"query-input\":{\"@type\":\"PropertyValueSpecification\",\"valueRequired\":true,\"valueName\":\"search_term_string\"}}],\"inLanguage\":\"de\"}]}<\/script>\n<!-- \/ Yoast SEO plugin. -->","yoast_head_json":{"title":"Impressum - Ketering - Event-Management","robots":{"index":"index","follow":"follow","max-snippet":"max-snippet:-1","max-image-preview":"max-image-preview:large","max-video-preview":"max-video-preview:-1"},"canonical":"https:\/\/ketering.de\/impressum\/","og_locale":"en_US","og_type":"article","og_title":"Impressum - Ketering - Event-Management","og_description":"KETERING Veranstaltungs-GmbHFrankfurter Allee 15(Eingang und Zustellung nur gegen\u00fcber Liebigstra\u00dfe 2)10247 Berlin tel. +49 30 443 10 737info@ketering.de E-Rechnungsadresse: 305716@rechnungseingang.net Datenschutzerkl\u00e4rung Vertretungsberechtigte Gesch\u00e4ftsf\u00fchrer: J\u00f6rg H\u00fcbner &amp; Michael WiegnerRegistergericht: Amtsgericht CharlottenburgRegisternummer: HRB Nr.66850Umsatzsteuer-Identifikationsnummer gem\u00e4\u00df \u00a7 27 aUmsatzsteuergesetz: EU-Ust-(VAT)-ID: DE 193585223 Die Ketering GmbH distanziert sich ausdr\u00fccklich von allen Inhalten, die sich hinter den angegebenen Links, den dahinter stehenden Servern, weiterf\u00fchrenden Links, G\u00e4steb\u00fcchern und s\u00e4mtlichen anderen sichtbaren und nicht sichtbaren Inhalten verbergen. Sollte eine der Seiten auf den entsprechenden Servern gegen geltendes Recht verstossen, so ist der Ketering GmbH dieses nicht bekannt. Auf entsprechende Benachrichtigung hin wird die Ketering GmbH selbstverst\u00e4ndlich den Link zu dem entsprechenden Server entfernen. Schlie\u00dflich weist die Ketering GmbH darauf hin, dass diese Seite zur privaten Information gedacht ist.","og_url":"https:\/\/ketering.de\/impressum\/","og_site_name":"Ketering - Event-Management","article_modified_time":"2026-01-13T20:44:32+00:00","twitter_card":"summary_large_image","twitter_misc":{"Gesch\u00e4tzte Lesezeit":"1\u00a0Minute"},"schema":{"@context":"https:\/\/schema.org","@graph":[{"@type":"WebPage","@id":"https:\/\/ketering.de\/impressum\/","url":"https:\/\/ketering.de\/impressum\/","name":"Impressum - Ketering - Event-Management","isPartOf":{"@id":"https:\/\/ketering.de\/#website"},"datePublished":"2019-12-04T19:41:38+00:00","dateModified":"2026-01-13T20:44:32+00:00","breadcrumb":{"@id":"https:\/\/ketering.de\/impressum\/#breadcrumb"},"inLanguage":"de","potentialAction":[{"@type":"ReadAction","target":["https:\/\/ketering.de\/impressum\/"]}]},{"@type":"BreadcrumbList","@id":"https:\/\/ketering.de\/impressum\/#breadcrumb","itemListElement":[{"@type":"ListItem","position":1,"name":"Startseite","item":"https:\/\/ketering.de\/en\/"},{"@type":"ListItem","position":2,"name":"Impressum"}]},{"@type":"WebSite","@id":"https:\/\/ketering.de\/#website","url":"https:\/\/ketering.de\/","name":"Ketering - Event-Management","description":"","potentialAction":[{"@type":"SearchAction","target":{"@type":"EntryPoint","urlTemplate":"https:\/\/ketering.de\/?s={search_term_string}"},"query-input":{"@type":"PropertyValueSpecification","valueRequired":true,"valueName":"search_term_string"}}],"inLanguage":"de"}]}},"_links":{"self":[{"href":"https:\/\/ketering.de\/en\/wp-json\/wp\/v2\/pages\/614","targetHints":{"allow":["GET"]}}],"collection":[{"href":"https:\/\/ketering.de\/en\/wp-json\/wp\/v2\/pages"}],"about":[{"href":"https:\/\/ketering.de\/en\/wp-json\/wp\/v2\/types\/page"}],"author":[{"embeddable":true,"href":"https:\/\/ketering.de\/en\/wp-json\/wp\/v2\/users\/1"}],"replies":[{"embeddable":true,"href":"https:\/\/ketering.de\/en\/wp-json\/wp\/v2\/comments?post=614"}],"version-history":[{"count":9,"href":"https:\/\/ketering.de\/en\/wp-json\/wp\/v2\/pages\/614\/revisions"}],"predecessor-version":[{"id":4647,"href":"https:\/\/ketering.de\/en\/wp-json\/wp\/v2\/pages\/614\/revisions\/4647"}],"wp:attachment":[{"href":"https:\/\/ketering.de\/en\/wp-json\/wp\/v2\/media?parent=614"}],"curies":[{"name":"wp","href":"https:\/\/api.w.org\/{rel}","templated":true}]}}