{"id":505,"date":"2019-12-03T16:11:15","date_gmt":"2019-12-03T15:11:15","guid":{"rendered":"https:\/\/ketering.de\/?page_id=505"},"modified":"2020-01-10T18:03:03","modified_gmt":"2020-01-10T17:03:03","slug":"netzwerk","status":"publish","type":"page","link":"https:\/\/ketering.de\/en\/netzwerk\/","title":{"rendered":"Netzwerk"},"content":{"rendered":"\n<h1 class=\"wp-block-heading\">Das Ketering-Netzwerk: unsere Event-Partner<\/h1>\n\n\n\n<div class=\"wp-block-columns has-2-columns is-layout-flex wp-container-core-columns-is-layout-9d6595d7 wp-block-columns-is-layout-flex\">\n<div class=\"wp-block-column is-layout-flow wp-block-column-is-layout-flow\">\n<p>Events sind Team-Sache, v\u00f6llig klar. Deswegen sind wir gl\u00fccklich \u00fcber unser gro\u00dfes Netzwerk an starken Partnern, mit denen wir regelm\u00e4\u00dfig  ganz besondere Veranstaltungen <\/p>\n<\/div>\n\n\n\n<div class=\"wp-block-column is-layout-flow wp-block-column-is-layout-flow\">\n<p>auf die Beine stellen. Klickt Euch durch und entdeckt Menschen und Unternehmen, die wie wir, leidenschaftlich gern Events machen. <br>We proudly present:<\/p>\n<\/div>\n<\/div>\n\n\n\n<div class=\"wp-block-columns has-5-columns is-layout-flex wp-container-core-columns-is-layout-9d6595d7 wp-block-columns-is-layout-flex\">\n<div class=\"wp-block-column is-layout-flow wp-block-column-is-layout-flow\">\n<figure class=\"wp-block-image\"><a href=\"https:\/\/artecom-event.de\/\" target=\"_blank\" rel=\"noreferrer noopener\"><img loading=\"lazy\" decoding=\"async\" width=\"360\" height=\"184\" src=\"https:\/\/ketering.de\/wp-content\/uploads\/2019\/12\/ketering-artecom.png\" alt=\"\" class=\"wp-image-510\" srcset=\"https:\/\/ketering.de\/wp-content\/uploads\/2019\/12\/ketering-artecom.png 360w, https:\/\/ketering.de\/wp-content\/uploads\/2019\/12\/ketering-artecom-300x153.png 300w\" sizes=\"auto, (max-width: 360px) 100vw, 360px\" \/><\/a><\/figure>\n\n\n\n<figure class=\"wp-block-image\"><a href=\"https:\/\/www.kesselhaus.net\/\" target=\"_blank\" rel=\"noreferrer noopener\"><img loading=\"lazy\" decoding=\"async\" width=\"360\" height=\"184\" src=\"https:\/\/ketering.de\/wp-content\/uploads\/2019\/12\/ketering-consense-1-logo.png\" alt=\"\" class=\"wp-image-520\" srcset=\"https:\/\/ketering.de\/wp-content\/uploads\/2019\/12\/ketering-consense-1-logo.png 360w, https:\/\/ketering.de\/wp-content\/uploads\/2019\/12\/ketering-consense-1-logo-300x153.png 300w\" sizes=\"auto, (max-width: 360px) 100vw, 360px\" \/><\/a><\/figure>\n\n\n\n<figure class=\"wp-block-image\"><a href=\"https:\/\/p3-projekt.de\/\" target=\"_blank\" rel=\"noreferrer noopener\"><img loading=\"lazy\" decoding=\"async\" width=\"360\" height=\"184\" src=\"https:\/\/ketering.de\/wp-content\/uploads\/2019\/12\/ketering-p3-logo-1.png\" alt=\"\" class=\"wp-image-543\" srcset=\"https:\/\/ketering.de\/wp-content\/uploads\/2019\/12\/ketering-p3-logo-1.png 360w, https:\/\/ketering.de\/wp-content\/uploads\/2019\/12\/ketering-p3-logo-1-300x153.png 300w\" sizes=\"auto, (max-width: 360px) 100vw, 360px\" \/><\/a><\/figure>\n\n\n\n<figure class=\"wp-block-image\"><a href=\"https:\/\/www.soda-berlin.de\/\" target=\"_blank\" rel=\"noreferrer noopener\"><img loading=\"lazy\" decoding=\"async\" width=\"360\" height=\"184\" src=\"https:\/\/ketering.de\/wp-content\/uploads\/2019\/12\/ketering-sodaclub-logo.png\" alt=\"\" class=\"wp-image-535\" srcset=\"https:\/\/ketering.de\/wp-content\/uploads\/2019\/12\/ketering-sodaclub-logo.png 360w, https:\/\/ketering.de\/wp-content\/uploads\/2019\/12\/ketering-sodaclub-logo-300x153.png 300w\" sizes=\"auto, (max-width: 360px) 100vw, 360px\" \/><\/a><\/figure>\n<\/div>\n\n\n\n<div class=\"wp-block-column is-layout-flow wp-block-column-is-layout-flow\">\n<figure class=\"wp-block-image\"><a href=\"http:\/\/www.compact-team.de\/\" target=\"_blank\" rel=\"noreferrer noopener\"><img loading=\"lazy\" decoding=\"async\" width=\"360\" height=\"184\" src=\"https:\/\/ketering.de\/wp-content\/uploads\/2019\/12\/ketering-compact-team-logo.png\" alt=\"\" class=\"wp-image-511\" srcset=\"https:\/\/ketering.de\/wp-content\/uploads\/2019\/12\/ketering-compact-team-logo.png 360w, https:\/\/ketering.de\/wp-content\/uploads\/2019\/12\/ketering-compact-team-logo-300x153.png 300w\" sizes=\"auto, (max-width: 360px) 100vw, 360px\" \/><\/a><\/figure>\n\n\n\n<figure class=\"wp-block-image\"><a href=\"https:\/\/www.kulturbrauerei.de\/\" target=\"_blank\" rel=\"noreferrer noopener\"><img loading=\"lazy\" decoding=\"async\" width=\"360\" height=\"184\" src=\"https:\/\/ketering.de\/wp-content\/uploads\/2019\/12\/ketering-kulturbraurei-logo.png\" alt=\"\" class=\"wp-image-524\" srcset=\"https:\/\/ketering.de\/wp-content\/uploads\/2019\/12\/ketering-kulturbraurei-logo.png 360w, https:\/\/ketering.de\/wp-content\/uploads\/2019\/12\/ketering-kulturbraurei-logo-300x153.png 300w\" sizes=\"auto, (max-width: 360px) 100vw, 360px\" \/><\/a><\/figure>\n\n\n\n<figure class=\"wp-block-image\"><a href=\"https:\/\/www.palais-kulturbrauerei.de\/\" target=\"_blank\" rel=\"noreferrer noopener\"><img loading=\"lazy\" decoding=\"async\" width=\"360\" height=\"184\" src=\"https:\/\/ketering.de\/wp-content\/uploads\/2019\/12\/ketering-palais-kulturbrauerei-log.png\" alt=\"\" class=\"wp-image-530\" srcset=\"https:\/\/ketering.de\/wp-content\/uploads\/2019\/12\/ketering-palais-kulturbrauerei-log.png 360w, https:\/\/ketering.de\/wp-content\/uploads\/2019\/12\/ketering-palais-kulturbrauerei-log-300x153.png 300w\" sizes=\"auto, (max-width: 360px) 100vw, 360px\" \/><\/a><\/figure>\n\n\n\n<figure class=\"wp-block-image\"><a href=\"https:\/\/www.pankow-weissensee-prenzlauerberg.berlin\/de\" target=\"_blank\" rel=\"noreferrer noopener\"><img loading=\"lazy\" decoding=\"async\" width=\"360\" height=\"184\" src=\"https:\/\/ketering.de\/wp-content\/uploads\/2019\/12\/ketering-tic-logo.png\" alt=\"\" class=\"wp-image-536\" srcset=\"https:\/\/ketering.de\/wp-content\/uploads\/2019\/12\/ketering-tic-logo.png 360w, https:\/\/ketering.de\/wp-content\/uploads\/2019\/12\/ketering-tic-logo-300x153.png 300w\" sizes=\"auto, (max-width: 360px) 100vw, 360px\" \/><\/a><\/figure>\n<\/div>\n\n\n\n<div class=\"wp-block-column is-layout-flow wp-block-column-is-layout-flow\">\n<figure class=\"wp-block-image\"><a href=\"https:\/\/www.dkhw.de\/\" target=\"_blank\" rel=\"noreferrer noopener\"><img loading=\"lazy\" decoding=\"async\" width=\"360\" height=\"184\" src=\"https:\/\/ketering.de\/wp-content\/uploads\/2019\/12\/ketering-kinderhilfswerk-logo.png\" alt=\"\" class=\"wp-image-522\" srcset=\"https:\/\/ketering.de\/wp-content\/uploads\/2019\/12\/ketering-kinderhilfswerk-logo.png 360w, https:\/\/ketering.de\/wp-content\/uploads\/2019\/12\/ketering-kinderhilfswerk-logo-300x153.png 300w\" sizes=\"auto, (max-width: 360px) 100vw, 360px\" \/><\/a><\/figure>\n\n\n\n<figure class=\"wp-block-image\"><a href=\"https:\/\/www.kulturprojekte.berlin\/\" target=\"_blank\" rel=\"noreferrer noopener\"><img loading=\"lazy\" decoding=\"async\" width=\"360\" height=\"184\" src=\"https:\/\/ketering.de\/wp-content\/uploads\/2019\/12\/ketering-kultuprojekte-logo.png\" alt=\"\" class=\"wp-image-523\" srcset=\"https:\/\/ketering.de\/wp-content\/uploads\/2019\/12\/ketering-kultuprojekte-logo.png 360w, https:\/\/ketering.de\/wp-content\/uploads\/2019\/12\/ketering-kultuprojekte-logo-300x153.png 300w\" sizes=\"auto, (max-width: 360px) 100vw, 360px\" \/><\/a><\/figure>\n\n\n\n<figure class=\"wp-block-image\"><a href=\"http:\/\/www.piranha.de\/\" target=\"_blank\" rel=\"noreferrer noopener\"><img loading=\"lazy\" decoding=\"async\" width=\"360\" height=\"184\" src=\"https:\/\/ketering.de\/wp-content\/uploads\/2019\/12\/ketering-piranha-logo.png\" alt=\"\" class=\"wp-image-531\" srcset=\"https:\/\/ketering.de\/wp-content\/uploads\/2019\/12\/ketering-piranha-logo.png 360w, https:\/\/ketering.de\/wp-content\/uploads\/2019\/12\/ketering-piranha-logo-300x153.png 300w\" sizes=\"auto, (max-width: 360px) 100vw, 360px\" \/><\/a><\/figure>\n\n\n\n<figure class=\"wp-block-image\"><a href=\"https:\/\/www.tlg.de\/de\/\" target=\"_blank\" rel=\"noreferrer noopener\"><img loading=\"lazy\" decoding=\"async\" width=\"360\" height=\"184\" src=\"https:\/\/ketering.de\/wp-content\/uploads\/2019\/12\/ketering-tlg-logo.png\" alt=\"\" class=\"wp-image-537\" srcset=\"https:\/\/ketering.de\/wp-content\/uploads\/2019\/12\/ketering-tlg-logo.png 360w, https:\/\/ketering.de\/wp-content\/uploads\/2019\/12\/ketering-tlg-logo-300x153.png 300w\" sizes=\"auto, (max-width: 360px) 100vw, 360px\" \/><\/a><\/figure>\n<\/div>\n\n\n\n<div class=\"wp-block-column is-layout-flow wp-block-column-is-layout-flow\">\n<figure class=\"wp-block-image\"><a href=\"http:\/\/feuerfrei.net\/\" target=\"_blank\" rel=\"noreferrer noopener\"><img loading=\"lazy\" decoding=\"async\" width=\"360\" height=\"184\" src=\"https:\/\/ketering.de\/wp-content\/uploads\/2019\/12\/ketering-feuerfrei.png\" alt=\"\" class=\"wp-image-514\" srcset=\"https:\/\/ketering.de\/wp-content\/uploads\/2019\/12\/ketering-feuerfrei.png 360w, https:\/\/ketering.de\/wp-content\/uploads\/2019\/12\/ketering-feuerfrei-300x153.png 300w\" sizes=\"auto, (max-width: 360px) 100vw, 360px\" \/><\/a><\/figure>\n\n\n\n<figure class=\"wp-block-image\"><a href=\"http:\/\/mediapool.berlin\/\" target=\"_blank\" rel=\"noreferrer noopener\"><img loading=\"lazy\" decoding=\"async\" width=\"360\" height=\"184\" src=\"https:\/\/ketering.de\/wp-content\/uploads\/2019\/12\/ketering-mediapool-logo-1.png\" alt=\"\" class=\"wp-image-526\" srcset=\"https:\/\/ketering.de\/wp-content\/uploads\/2019\/12\/ketering-mediapool-logo-1.png 360w, https:\/\/ketering.de\/wp-content\/uploads\/2019\/12\/ketering-mediapool-logo-1-300x153.png 300w\" sizes=\"auto, (max-width: 360px) 100vw, 360px\" \/><\/a><\/figure>\n\n\n\n<figure class=\"wp-block-image\"><a href=\"http:\/\/www.riag-media.de\/\" target=\"_blank\" rel=\"noreferrer noopener\"><img loading=\"lazy\" decoding=\"async\" width=\"360\" height=\"184\" src=\"https:\/\/ketering.de\/wp-content\/uploads\/2019\/12\/ketering-riag-logo.png\" alt=\"\" class=\"wp-image-533\" srcset=\"https:\/\/ketering.de\/wp-content\/uploads\/2019\/12\/ketering-riag-logo.png 360w, https:\/\/ketering.de\/wp-content\/uploads\/2019\/12\/ketering-riag-logo-300x153.png 300w\" sizes=\"auto, (max-width: 360px) 100vw, 360px\" \/><\/a><\/figure>\n\n\n\n<figure class=\"wp-block-image\"><a href=\"https:\/\/wemme-events.de\/\" target=\"_blank\" rel=\"noreferrer noopener\"><img loading=\"lazy\" decoding=\"async\" width=\"360\" height=\"184\" src=\"https:\/\/ketering.de\/wp-content\/uploads\/2019\/12\/ketering-wemme-logo.png\" alt=\"\" class=\"wp-image-538\" srcset=\"https:\/\/ketering.de\/wp-content\/uploads\/2019\/12\/ketering-wemme-logo.png 360w, https:\/\/ketering.de\/wp-content\/uploads\/2019\/12\/ketering-wemme-logo-300x153.png 300w\" sizes=\"auto, (max-width: 360px) 100vw, 360px\" \/><\/a><\/figure>\n<\/div>\n\n\n\n<div class=\"wp-block-column is-layout-flow wp-block-column-is-layout-flow\">\n<div class=\"wp-block-group\"><div class=\"wp-block-group__inner-container is-layout-flow wp-block-group-is-layout-flow\">\n<figure class=\"wp-block-image\"><a href=\"https:\/\/www.karneval.berlin\/\" target=\"_blank\" rel=\"noreferrer noopener\"><img loading=\"lazy\" decoding=\"async\" width=\"360\" height=\"184\" src=\"https:\/\/ketering.de\/wp-content\/uploads\/2019\/12\/ketering-karneval-der-kulturen-logo-1.png\" alt=\"\" class=\"wp-image-551\" srcset=\"https:\/\/ketering.de\/wp-content\/uploads\/2019\/12\/ketering-karneval-der-kulturen-logo-1.png 360w, https:\/\/ketering.de\/wp-content\/uploads\/2019\/12\/ketering-karneval-der-kulturen-logo-1-300x153.png 300w\" sizes=\"auto, (max-width: 360px) 100vw, 360px\" \/><\/a><\/figure>\n<\/div><\/div>\n\n\n\n<figure class=\"wp-block-image\"><a href=\"https:\/\/www.muv-ffo.de\/\" target=\"_blank\" rel=\"noreferrer noopener\"><img loading=\"lazy\" decoding=\"async\" width=\"360\" height=\"184\" src=\"https:\/\/ketering.de\/wp-content\/uploads\/2019\/12\/ketering-mvgff.png\" alt=\"\" class=\"wp-image-527\" srcset=\"https:\/\/ketering.de\/wp-content\/uploads\/2019\/12\/ketering-mvgff.png 360w, https:\/\/ketering.de\/wp-content\/uploads\/2019\/12\/ketering-mvgff-300x153.png 300w\" sizes=\"auto, (max-width: 360px) 100vw, 360px\" \/><\/a><\/figure>\n\n\n\n<figure class=\"wp-block-image\"><a href=\"https:\/\/www.ptb-security.de\/\" target=\"_blank\" rel=\"noreferrer noopener\"><img loading=\"lazy\" decoding=\"async\" width=\"360\" height=\"184\" src=\"https:\/\/ketering.de\/wp-content\/uploads\/2019\/12\/ketering-ptb-security-logo.png\" alt=\"\" class=\"wp-image-532\" srcset=\"https:\/\/ketering.de\/wp-content\/uploads\/2019\/12\/ketering-ptb-security-logo.png 360w, https:\/\/ketering.de\/wp-content\/uploads\/2019\/12\/ketering-ptb-security-logo-300x153.png 300w\" sizes=\"auto, (max-width: 360px) 100vw, 360px\" \/><\/a><\/figure>\n<\/div>\n<\/div>\n\n\n\n<div style=\"height:80px\" aria-hidden=\"true\" class=\"wp-block-spacer\"><\/div>\n","protected":false},"excerpt":{"rendered":"<p>Das Ketering-Netzwerk: unsere Event-Partner Events sind Team-Sache, v\u00f6llig klar. Deswegen sind wir gl\u00fccklich \u00fcber unser gro\u00dfes Netzwerk an starken Partnern, mit denen wir regelm\u00e4\u00dfig ganz besondere Veranstaltungen auf die Beine stellen. Klickt Euch durch und entdeckt Menschen und Unternehmen, die wie wir, leidenschaftlich gern Events machen. We proudly present:<\/p>\n","protected":false},"author":2,"featured_media":0,"parent":0,"menu_order":0,"comment_status":"closed","ping_status":"closed","template":"page-templates\/full-width.php","meta":{"footnotes":""},"class_list":["post-505","page","type-page","status-publish","hentry"],"yoast_head":"<!-- This site is optimized with the Yoast SEO plugin v27.1.1 - https:\/\/yoast.com\/product\/yoast-seo-wordpress\/ -->\n<title>Das Ketering-Netzwerk: \u00dcberblick \u00fcber unsere Event-Partner!<\/title>\n<meta name=\"description\" content=\"Lernt unser gro\u00dfes Netzwerk an starken Partnern kennen, mit denen wir regelm\u00e4\u00dfig ganz besondere Veranstaltungen realisieren!\" \/>\n<meta name=\"robots\" content=\"index, follow, max-snippet:-1, max-image-preview:large, max-video-preview:-1\" \/>\n<link rel=\"canonical\" href=\"https:\/\/ketering.de\/netzwerk\/\" \/>\n<meta property=\"og:locale\" content=\"en_US\" \/>\n<meta property=\"og:type\" content=\"article\" \/>\n<meta property=\"og:title\" content=\"Das Ketering-Netzwerk: \u00dcberblick \u00fcber unsere Event-Partner!\" \/>\n<meta property=\"og:description\" content=\"Lernt unser gro\u00dfes Netzwerk an starken Partnern kennen, mit denen wir regelm\u00e4\u00dfig ganz besondere Veranstaltungen realisieren!\" \/>\n<meta property=\"og:url\" content=\"https:\/\/ketering.de\/netzwerk\/\" \/>\n<meta property=\"og:site_name\" content=\"Ketering - Event-Management\" \/>\n<meta property=\"article:modified_time\" content=\"2020-01-10T17:03:03+00:00\" \/>\n<meta property=\"og:image\" content=\"https:\/\/ketering.de\/wp-content\/uploads\/2019\/12\/ketering-artecom.png\" \/>\n<meta name=\"twitter:card\" content=\"summary_large_image\" \/>\n<script type=\"application\/ld+json\" class=\"yoast-schema-graph\">{\"@context\":\"https:\/\/schema.org\",\"@graph\":[{\"@type\":\"WebPage\",\"@id\":\"https:\/\/ketering.de\/netzwerk\/\",\"url\":\"https:\/\/ketering.de\/netzwerk\/\",\"name\":\"Das Ketering-Netzwerk: \u00dcberblick \u00fcber unsere Event-Partner!\",\"isPartOf\":{\"@id\":\"https:\/\/ketering.de\/#website\"},\"primaryImageOfPage\":{\"@id\":\"https:\/\/ketering.de\/netzwerk\/#primaryimage\"},\"image\":{\"@id\":\"https:\/\/ketering.de\/netzwerk\/#primaryimage\"},\"thumbnailUrl\":\"https:\/\/ketering.de\/wp-content\/uploads\/2019\/12\/ketering-artecom.png\",\"datePublished\":\"2019-12-03T15:11:15+00:00\",\"dateModified\":\"2020-01-10T17:03:03+00:00\",\"description\":\"Lernt unser gro\u00dfes Netzwerk an starken Partnern kennen, mit denen wir regelm\u00e4\u00dfig ganz besondere Veranstaltungen realisieren!\",\"breadcrumb\":{\"@id\":\"https:\/\/ketering.de\/netzwerk\/#breadcrumb\"},\"inLanguage\":\"de\",\"potentialAction\":[{\"@type\":\"ReadAction\",\"target\":[\"https:\/\/ketering.de\/netzwerk\/\"]}]},{\"@type\":\"ImageObject\",\"inLanguage\":\"de\",\"@id\":\"https:\/\/ketering.de\/netzwerk\/#primaryimage\",\"url\":\"https:\/\/ketering.de\/wp-content\/uploads\/2019\/12\/ketering-artecom.png\",\"contentUrl\":\"https:\/\/ketering.de\/wp-content\/uploads\/2019\/12\/ketering-artecom.png\"},{\"@type\":\"BreadcrumbList\",\"@id\":\"https:\/\/ketering.de\/netzwerk\/#breadcrumb\",\"itemListElement\":[{\"@type\":\"ListItem\",\"position\":1,\"name\":\"Startseite\",\"item\":\"https:\/\/ketering.de\/en\/\"},{\"@type\":\"ListItem\",\"position\":2,\"name\":\"Netzwerk\"}]},{\"@type\":\"WebSite\",\"@id\":\"https:\/\/ketering.de\/#website\",\"url\":\"https:\/\/ketering.de\/\",\"name\":\"Ketering - Event-Management\",\"description\":\"\",\"potentialAction\":[{\"@type\":\"SearchAction\",\"target\":{\"@type\":\"EntryPoint\",\"urlTemplate\":\"https:\/\/ketering.de\/?s={search_term_string}\"},\"query-input\":{\"@type\":\"PropertyValueSpecification\",\"valueRequired\":true,\"valueName\":\"search_term_string\"}}],\"inLanguage\":\"de\"}]}<\/script>\n<!-- \/ Yoast SEO plugin. -->","yoast_head_json":{"title":"Das Ketering-Netzwerk: \u00dcberblick \u00fcber unsere Event-Partner!","description":"Lernt unser gro\u00dfes Netzwerk an starken Partnern kennen, mit denen wir regelm\u00e4\u00dfig ganz besondere Veranstaltungen realisieren!","robots":{"index":"index","follow":"follow","max-snippet":"max-snippet:-1","max-image-preview":"max-image-preview:large","max-video-preview":"max-video-preview:-1"},"canonical":"https:\/\/ketering.de\/netzwerk\/","og_locale":"en_US","og_type":"article","og_title":"Das Ketering-Netzwerk: \u00dcberblick \u00fcber unsere Event-Partner!","og_description":"Lernt unser gro\u00dfes Netzwerk an starken Partnern kennen, mit denen wir regelm\u00e4\u00dfig ganz besondere Veranstaltungen realisieren!","og_url":"https:\/\/ketering.de\/netzwerk\/","og_site_name":"Ketering - Event-Management","article_modified_time":"2020-01-10T17:03:03+00:00","og_image":[{"url":"https:\/\/ketering.de\/wp-content\/uploads\/2019\/12\/ketering-artecom.png","type":"","width":"","height":""}],"twitter_card":"summary_large_image","schema":{"@context":"https:\/\/schema.org","@graph":[{"@type":"WebPage","@id":"https:\/\/ketering.de\/netzwerk\/","url":"https:\/\/ketering.de\/netzwerk\/","name":"Das Ketering-Netzwerk: \u00dcberblick \u00fcber unsere Event-Partner!","isPartOf":{"@id":"https:\/\/ketering.de\/#website"},"primaryImageOfPage":{"@id":"https:\/\/ketering.de\/netzwerk\/#primaryimage"},"image":{"@id":"https:\/\/ketering.de\/netzwerk\/#primaryimage"},"thumbnailUrl":"https:\/\/ketering.de\/wp-content\/uploads\/2019\/12\/ketering-artecom.png","datePublished":"2019-12-03T15:11:15+00:00","dateModified":"2020-01-10T17:03:03+00:00","description":"Lernt unser gro\u00dfes Netzwerk an starken Partnern kennen, mit denen wir regelm\u00e4\u00dfig ganz besondere Veranstaltungen realisieren!","breadcrumb":{"@id":"https:\/\/ketering.de\/netzwerk\/#breadcrumb"},"inLanguage":"de","potentialAction":[{"@type":"ReadAction","target":["https:\/\/ketering.de\/netzwerk\/"]}]},{"@type":"ImageObject","inLanguage":"de","@id":"https:\/\/ketering.de\/netzwerk\/#primaryimage","url":"https:\/\/ketering.de\/wp-content\/uploads\/2019\/12\/ketering-artecom.png","contentUrl":"https:\/\/ketering.de\/wp-content\/uploads\/2019\/12\/ketering-artecom.png"},{"@type":"BreadcrumbList","@id":"https:\/\/ketering.de\/netzwerk\/#breadcrumb","itemListElement":[{"@type":"ListItem","position":1,"name":"Startseite","item":"https:\/\/ketering.de\/en\/"},{"@type":"ListItem","position":2,"name":"Netzwerk"}]},{"@type":"WebSite","@id":"https:\/\/ketering.de\/#website","url":"https:\/\/ketering.de\/","name":"Ketering - Event-Management","description":"","potentialAction":[{"@type":"SearchAction","target":{"@type":"EntryPoint","urlTemplate":"https:\/\/ketering.de\/?s={search_term_string}"},"query-input":{"@type":"PropertyValueSpecification","valueRequired":true,"valueName":"search_term_string"}}],"inLanguage":"de"}]}},"_links":{"self":[{"href":"https:\/\/ketering.de\/en\/wp-json\/wp\/v2\/pages\/505","targetHints":{"allow":["GET"]}}],"collection":[{"href":"https:\/\/ketering.de\/en\/wp-json\/wp\/v2\/pages"}],"about":[{"href":"https:\/\/ketering.de\/en\/wp-json\/wp\/v2\/types\/page"}],"author":[{"embeddable":true,"href":"https:\/\/ketering.de\/en\/wp-json\/wp\/v2\/users\/2"}],"replies":[{"embeddable":true,"href":"https:\/\/ketering.de\/en\/wp-json\/wp\/v2\/comments?post=505"}],"version-history":[{"count":39,"href":"https:\/\/ketering.de\/en\/wp-json\/wp\/v2\/pages\/505\/revisions"}],"predecessor-version":[{"id":1211,"href":"https:\/\/ketering.de\/en\/wp-json\/wp\/v2\/pages\/505\/revisions\/1211"}],"wp:attachment":[{"href":"https:\/\/ketering.de\/en\/wp-json\/wp\/v2\/media?parent=505"}],"curies":[{"name":"wp","href":"https:\/\/api.w.org\/{rel}","templated":true}]}}