{"id":337,"date":"2019-11-21T10:04:19","date_gmt":"2019-11-21T09:04:19","guid":{"rendered":"https:\/\/ketering.de\/?page_id=337"},"modified":"2024-12-20T14:30:49","modified_gmt":"2024-12-20T13:30:49","slug":"ketering-team","status":"publish","type":"page","link":"https:\/\/ketering.de\/en\/ketering-team\/","title":{"rendered":"Wir so | Ketering-Team"},"content":{"rendered":"\n<h1 class=\"wp-block-heading\"><strong>Eure Ansprechpartner f\u00fcr Events \u2013 als Veranstalter:in oder H\u00e4ndler:in <\/strong><\/h1>\n\n\n\n<div class=\"wp-block-columns has-2-columns is-layout-flex wp-container-core-columns-is-layout-9d6595d7 wp-block-columns-is-layout-flex\">\n<div class=\"wp-block-column is-layout-flow wp-block-column-is-layout-flow\">\n<h2 class=\"wp-block-heading\"><strong>Wir sind kreative Geister, strukturierte Logistiker:innen, administrative Strategen und gewissenhafte Zahlenschieber. <\/strong><\/h2>\n\n\n\n<p>Vor allem aber sind wir Menschen, die sich auch nach Jahren im Event-Gesch\u00e4ft immer noch mit Leidenschaft, Tatendrang, Freude und Staunen ins Organisieren von Veranstaltungen st\u00fcrzen.<\/p>\n\n\n\n<p><\/p>\n<\/div>\n\n\n\n<div class=\"wp-block-column is-layout-flow wp-block-column-is-layout-flow\">\n<h2 class=\"wp-block-heading\">Die Kunst als Pate bei der Ketering-Gr\u00fcndung<\/h2>\n\n\n\n<p>Die K\u00fcnste \u201eTheater\u201c und \u201eKulinarik\u201c standen Pate als 1998 ein Team aus SchauspielerInnen und K\u00f6chen ihre F\u00e4higkeiten in der Organisation von Veranstaltungen zusammenbrachten. Seither begeistern wir mit Qualit\u00e4t, Nachhaltigkeit und Innovation im Pairing mit Genuss!<\/p>\n\n\n\n<p>Wir arbeiten mit einem Kernteam von f\u00fcr Euch schnell erreichbaren AnsprechpartnerInnen und einem verl\u00e4sslichen Experten:innen-Netzwerk.<\/p>\n<\/div>\n<\/div>\n\n\n\n<div style=\"height:30px\" aria-hidden=\"true\" class=\"wp-block-spacer\"><\/div>\n\n\n\n<div class=\"wp-block-columns has-3-columns is-layout-flex wp-container-core-columns-is-layout-9d6595d7 wp-block-columns-is-layout-flex\">\n<div class=\"wp-block-column is-layout-flow wp-block-column-is-layout-flow\"><div class=\"wp-block-image\">\n<figure class=\"aligncenter is-resized\"><img loading=\"lazy\" decoding=\"async\" width=\"240\" height=\"240\" src=\"https:\/\/ketering.de\/wp-content\/uploads\/2019\/11\/iconmonstr-generation-7-240.png\" alt=\"\" class=\"wp-image-342\" style=\"width:180px;height:180px\" srcset=\"https:\/\/ketering.de\/wp-content\/uploads\/2019\/11\/iconmonstr-generation-7-240.png 240w, https:\/\/ketering.de\/wp-content\/uploads\/2019\/11\/iconmonstr-generation-7-240-150x150.png 150w, https:\/\/ketering.de\/wp-content\/uploads\/2019\/11\/iconmonstr-generation-7-240-120x120.png 120w\" sizes=\"auto, (max-width: 240px) 100vw, 240px\" \/><\/figure>\n<\/div>\n\n\n<p class=\"has-text-align-center\"><strong>Michael Wiegner<\/strong><br>Gesamtleitung, Ideen, Konzepte, Pl\u00e4ne, Visualisierung, Produktion<\/p>\n\n\n\n<p class=\"has-text-align-center\">wiegner@ketering.de<\/p>\n<\/div>\n\n\n\n<div class=\"wp-block-column is-layout-flow wp-block-column-is-layout-flow\"><div class=\"wp-block-image\">\n<figure class=\"aligncenter is-resized\"><img loading=\"lazy\" decoding=\"async\" width=\"240\" height=\"240\" src=\"https:\/\/ketering.de\/wp-content\/uploads\/2019\/11\/iconmonstr-generation-9-240.png\" alt=\"\" class=\"wp-image-343\" style=\"width:180px;height:180px\" srcset=\"https:\/\/ketering.de\/wp-content\/uploads\/2019\/11\/iconmonstr-generation-9-240.png 240w, https:\/\/ketering.de\/wp-content\/uploads\/2019\/11\/iconmonstr-generation-9-240-150x150.png 150w, https:\/\/ketering.de\/wp-content\/uploads\/2019\/11\/iconmonstr-generation-9-240-120x120.png 120w\" sizes=\"auto, (max-width: 240px) 100vw, 240px\" \/><\/figure>\n<\/div>\n\n\n<p class=\"has-text-align-center\"><strong>J\u00f6rg H\u00fcbner<\/strong><br>Gesamtleitung, Ideen, Zahlen, Tabellen, Vertr\u00e4ge, Produktion, Betriebswirt<\/p>\n\n\n\n<p class=\"has-text-align-center\">huebner@ketering.de<\/p>\n<\/div>\n\n\n\n<div class=\"wp-block-column is-layout-flow wp-block-column-is-layout-flow\"><div class=\"wp-block-image\">\n<figure class=\"aligncenter is-resized\"><img loading=\"lazy\" decoding=\"async\" width=\"240\" height=\"240\" src=\"https:\/\/ketering.de\/wp-content\/uploads\/2019\/11\/iconmonstr-generation-5-240.png\" alt=\"\" class=\"wp-image-344\" style=\"width:180px;height:180px\" srcset=\"https:\/\/ketering.de\/wp-content\/uploads\/2019\/11\/iconmonstr-generation-5-240.png 240w, https:\/\/ketering.de\/wp-content\/uploads\/2019\/11\/iconmonstr-generation-5-240-150x150.png 150w, https:\/\/ketering.de\/wp-content\/uploads\/2019\/11\/iconmonstr-generation-5-240-120x120.png 120w\" sizes=\"auto, (max-width: 240px) 100vw, 240px\" \/><\/figure>\n<\/div>\n\n\n<p class=\"has-text-align-center\"><strong>Christian Stender<\/strong><br>Kommunikation, Vertr\u00e4ge, Zukunft, Produktion,<br>Kulturmanager<\/p>\n\n\n\n<p class=\"has-text-align-center\">stender@ketering.de<\/p>\n\n\n\n<p class=\"has-text-align-center\"><a href=\"http:\/\/kulturmessenger.de\/\" target=\"_blank\" rel=\"noreferrer noopener\">www.kulturmessenger.de<\/a><\/p>\n<\/div>\n<\/div>\n\n\n<div class=\"wp-block-image is-style-default\">\n<figure class=\"aligncenter size-large is-resized\"><img loading=\"lazy\" decoding=\"async\" width=\"240\" height=\"240\" src=\"https:\/\/ketering.de\/wp-content\/uploads\/2020\/01\/ketering-team-1.png\" alt=\"\" class=\"wp-image-1060\" style=\"width:180px;height:180px\" srcset=\"https:\/\/ketering.de\/wp-content\/uploads\/2020\/01\/ketering-team-1.png 240w, https:\/\/ketering.de\/wp-content\/uploads\/2020\/01\/ketering-team-1-150x150.png 150w, https:\/\/ketering.de\/wp-content\/uploads\/2020\/01\/ketering-team-1-120x120.png 120w\" sizes=\"auto, (max-width: 240px) 100vw, 240px\" \/><\/figure>\n<\/div>\n\n\n<p class=\"has-text-align-center\"><strong>Nico Jakobi<\/strong><br>Spezialist f\u00fcr Dekoration und Farbe, Produktion, Wasser und Strom, Allesk\u00f6nner<\/p>\n\n\n\n<p class=\"has-text-align-center\">jakobi@ketering.de<\/p>\n\n\n\n<p class=\"has-text-align-center\"><\/p>\n\n\n\n<div class=\"wp-block-columns has-3-columns is-layout-flex wp-container-core-columns-is-layout-9d6595d7 wp-block-columns-is-layout-flex\">\n<div class=\"wp-block-column is-layout-flow wp-block-column-is-layout-flow\"><\/div>\n\n\n\n<div class=\"wp-block-column is-layout-flow wp-block-column-is-layout-flow\"><\/div>\n\n\n\n<div class=\"wp-block-column is-layout-flow wp-block-column-is-layout-flow\">\n<p><\/p>\n<\/div>\n<\/div>\n\n\n\n<div style=\"height:20px\" aria-hidden=\"true\" class=\"wp-block-spacer\"><\/div>\n\n\n\n<div class=\"wp-block-columns has-2-columns is-layout-flex wp-container-core-columns-is-layout-9d6595d7 wp-block-columns-is-layout-flex\">\n<div class=\"wp-block-column is-layout-flow wp-block-column-is-layout-flow\">\n<p><\/p>\n<\/div>\n\n\n\n<div class=\"wp-block-column is-layout-flow wp-block-column-is-layout-flow\">\n<blockquote class=\"wp-block-quote is-layout-flow wp-block-quote-is-layout-flow\">\n<p><strong>\u201eKETERING ist ein Partner, der mit viel Liebe zum Detail, alle F\u00e4den in der Hand h\u00e4lt, jeden Teilbereich einer Veranstaltung konzipiert und durchblickt und an allen Event-Schnittstellen mit fachlichem Know-how besticht.\u201c <\/strong><\/p>\n<cite>Ketering GmbH, 1998<\/cite><\/blockquote>\n<\/div>\n<\/div>\n\n\n\n<div style=\"height:40px\" aria-hidden=\"true\" class=\"wp-block-spacer\"><\/div>\n","protected":false},"excerpt":{"rendered":"<p>Eure Ansprechpartner f\u00fcr Events \u2013 als Veranstalter:in oder H\u00e4ndler:in Wir sind kreative Geister, strukturierte Logistiker:innen, administrative Strategen und gewissenhafte Zahlenschieber. Vor allem aber sind wir Menschen, die sich auch nach Jahren im Event-Gesch\u00e4ft immer noch mit Leidenschaft, Tatendrang, Freude und Staunen ins Organisieren von Veranstaltungen st\u00fcrzen. Die Kunst als Pate bei der Ketering-Gr\u00fcndung Die K\u00fcnste \u201eTheater\u201c und \u201eKulinarik\u201c standen Pate als 1998 ein Team aus SchauspielerInnen und K\u00f6chen ihre F\u00e4higkeiten in der Organisation von Veranstaltungen zusammenbrachten. Seither begeistern wir mit Qualit\u00e4t, Nachhaltigkeit und Innovation im Pairing mit Genuss! Wir arbeiten mit einem Kernteam von f\u00fcr Euch schnell erreichbaren AnsprechpartnerInnen und einem verl\u00e4sslichen Experten:innen-Netzwerk. Michael WiegnerGesamtleitung, Ideen, Konzepte, Pl\u00e4ne, Visualisierung, Produktion wiegner@ketering.de J\u00f6rg H\u00fcbnerGesamtleitung, Ideen, Zahlen, Tabellen, Vertr\u00e4ge, Produktion, Betriebswirt huebner@ketering.de Christian StenderKommunikation, Vertr\u00e4ge, Zukunft, Produktion,Kulturmanager stender@ketering.de www.kulturmessenger.de Nico JakobiSpezialist f\u00fcr Dekoration und Farbe, Produktion, Wasser und Strom, Allesk\u00f6nner jakobi@ketering.de \u201eKETERING ist ein Partner, der mit viel Liebe zum Detail, alle F\u00e4den in der Hand h\u00e4lt, jeden Teilbereich einer Veranstaltung konzipiert und durchblickt und an allen Event-Schnittstellen mit fachlichem Know-how besticht.\u201c<\/p>\n","protected":false},"author":2,"featured_media":0,"parent":0,"menu_order":0,"comment_status":"closed","ping_status":"closed","template":"page-templates\/full-width.php","meta":{"footnotes":""},"class_list":["post-337","page","type-page","status-publish","hentry"],"yoast_head":"<!-- This site is optimized with the Yoast SEO plugin v27.1.1 - https:\/\/yoast.com\/product\/yoast-seo-wordpress\/ -->\n<title>Die Macher hinter der Veranstaltung | DAS KETERING TEAM.<\/title>\n<meta name=\"description\" content=\"Kreative Geister, strukturierte Logistiker, administrative Strategen und gewissenhafte Zahlenschieber: lerne uns hier kennen!\" \/>\n<meta name=\"robots\" content=\"index, follow, max-snippet:-1, max-image-preview:large, max-video-preview:-1\" \/>\n<link rel=\"canonical\" href=\"https:\/\/ketering.de\/ketering-team\/\" \/>\n<meta property=\"og:locale\" content=\"en_US\" \/>\n<meta property=\"og:type\" content=\"article\" \/>\n<meta property=\"og:title\" content=\"Die Macher hinter der Veranstaltung | DAS KETERING TEAM.\" \/>\n<meta property=\"og:description\" content=\"Kreative Geister, strukturierte Logistiker, administrative Strategen und gewissenhafte Zahlenschieber: lerne uns hier kennen!\" \/>\n<meta property=\"og:url\" content=\"https:\/\/ketering.de\/ketering-team\/\" \/>\n<meta property=\"og:site_name\" content=\"Ketering - Event-Management\" \/>\n<meta property=\"article:modified_time\" content=\"2024-12-20T13:30:49+00:00\" \/>\n<meta property=\"og:image\" content=\"https:\/\/ketering.de\/wp-content\/uploads\/2019\/11\/iconmonstr-generation-7-240.png\" \/>\n\t<meta property=\"og:image:width\" content=\"240\" \/>\n\t<meta property=\"og:image:height\" content=\"240\" \/>\n\t<meta property=\"og:image:type\" content=\"image\/png\" \/>\n<meta name=\"twitter:card\" content=\"summary_large_image\" \/>\n<meta name=\"twitter:label1\" content=\"Gesch\u00e4tzte Lesezeit\" \/>\n\t<meta name=\"twitter:data1\" content=\"2\u00a0Minuten\" \/>\n<script type=\"application\/ld+json\" class=\"yoast-schema-graph\">{\"@context\":\"https:\/\/schema.org\",\"@graph\":[{\"@type\":\"WebPage\",\"@id\":\"https:\/\/ketering.de\/ketering-team\/\",\"url\":\"https:\/\/ketering.de\/ketering-team\/\",\"name\":\"Die Macher hinter der Veranstaltung | DAS KETERING TEAM.\",\"isPartOf\":{\"@id\":\"https:\/\/ketering.de\/#website\"},\"primaryImageOfPage\":{\"@id\":\"https:\/\/ketering.de\/ketering-team\/#primaryimage\"},\"image\":{\"@id\":\"https:\/\/ketering.de\/ketering-team\/#primaryimage\"},\"thumbnailUrl\":\"https:\/\/ketering.de\/wp-content\/uploads\/2019\/11\/iconmonstr-generation-7-240.png\",\"datePublished\":\"2019-11-21T09:04:19+00:00\",\"dateModified\":\"2024-12-20T13:30:49+00:00\",\"description\":\"Kreative Geister, strukturierte Logistiker, administrative Strategen und gewissenhafte Zahlenschieber: lerne uns hier kennen!\",\"breadcrumb\":{\"@id\":\"https:\/\/ketering.de\/ketering-team\/#breadcrumb\"},\"inLanguage\":\"de\",\"potentialAction\":[{\"@type\":\"ReadAction\",\"target\":[\"https:\/\/ketering.de\/ketering-team\/\"]}]},{\"@type\":\"ImageObject\",\"inLanguage\":\"de\",\"@id\":\"https:\/\/ketering.de\/ketering-team\/#primaryimage\",\"url\":\"https:\/\/ketering.de\/wp-content\/uploads\/2019\/11\/iconmonstr-generation-7-240.png\",\"contentUrl\":\"https:\/\/ketering.de\/wp-content\/uploads\/2019\/11\/iconmonstr-generation-7-240.png\"},{\"@type\":\"BreadcrumbList\",\"@id\":\"https:\/\/ketering.de\/ketering-team\/#breadcrumb\",\"itemListElement\":[{\"@type\":\"ListItem\",\"position\":1,\"name\":\"Startseite\",\"item\":\"https:\/\/ketering.de\/en\/\"},{\"@type\":\"ListItem\",\"position\":2,\"name\":\"Wir so | Ketering-Team\"}]},{\"@type\":\"WebSite\",\"@id\":\"https:\/\/ketering.de\/#website\",\"url\":\"https:\/\/ketering.de\/\",\"name\":\"Ketering - Event-Management\",\"description\":\"\",\"potentialAction\":[{\"@type\":\"SearchAction\",\"target\":{\"@type\":\"EntryPoint\",\"urlTemplate\":\"https:\/\/ketering.de\/?s={search_term_string}\"},\"query-input\":{\"@type\":\"PropertyValueSpecification\",\"valueRequired\":true,\"valueName\":\"search_term_string\"}}],\"inLanguage\":\"de\"}]}<\/script>\n<!-- \/ Yoast SEO plugin. -->","yoast_head_json":{"title":"Die Macher hinter der Veranstaltung | DAS KETERING TEAM.","description":"Kreative Geister, strukturierte Logistiker, administrative Strategen und gewissenhafte Zahlenschieber: lerne uns hier kennen!","robots":{"index":"index","follow":"follow","max-snippet":"max-snippet:-1","max-image-preview":"max-image-preview:large","max-video-preview":"max-video-preview:-1"},"canonical":"https:\/\/ketering.de\/ketering-team\/","og_locale":"en_US","og_type":"article","og_title":"Die Macher hinter der Veranstaltung | DAS KETERING TEAM.","og_description":"Kreative Geister, strukturierte Logistiker, administrative Strategen und gewissenhafte Zahlenschieber: lerne uns hier kennen!","og_url":"https:\/\/ketering.de\/ketering-team\/","og_site_name":"Ketering - Event-Management","article_modified_time":"2024-12-20T13:30:49+00:00","og_image":[{"width":240,"height":240,"url":"https:\/\/ketering.de\/wp-content\/uploads\/2019\/11\/iconmonstr-generation-7-240.png","type":"image\/png"}],"twitter_card":"summary_large_image","twitter_misc":{"Gesch\u00e4tzte Lesezeit":"2\u00a0Minuten"},"schema":{"@context":"https:\/\/schema.org","@graph":[{"@type":"WebPage","@id":"https:\/\/ketering.de\/ketering-team\/","url":"https:\/\/ketering.de\/ketering-team\/","name":"Die Macher hinter der Veranstaltung | DAS KETERING TEAM.","isPartOf":{"@id":"https:\/\/ketering.de\/#website"},"primaryImageOfPage":{"@id":"https:\/\/ketering.de\/ketering-team\/#primaryimage"},"image":{"@id":"https:\/\/ketering.de\/ketering-team\/#primaryimage"},"thumbnailUrl":"https:\/\/ketering.de\/wp-content\/uploads\/2019\/11\/iconmonstr-generation-7-240.png","datePublished":"2019-11-21T09:04:19+00:00","dateModified":"2024-12-20T13:30:49+00:00","description":"Kreative Geister, strukturierte Logistiker, administrative Strategen und gewissenhafte Zahlenschieber: lerne uns hier kennen!","breadcrumb":{"@id":"https:\/\/ketering.de\/ketering-team\/#breadcrumb"},"inLanguage":"de","potentialAction":[{"@type":"ReadAction","target":["https:\/\/ketering.de\/ketering-team\/"]}]},{"@type":"ImageObject","inLanguage":"de","@id":"https:\/\/ketering.de\/ketering-team\/#primaryimage","url":"https:\/\/ketering.de\/wp-content\/uploads\/2019\/11\/iconmonstr-generation-7-240.png","contentUrl":"https:\/\/ketering.de\/wp-content\/uploads\/2019\/11\/iconmonstr-generation-7-240.png"},{"@type":"BreadcrumbList","@id":"https:\/\/ketering.de\/ketering-team\/#breadcrumb","itemListElement":[{"@type":"ListItem","position":1,"name":"Startseite","item":"https:\/\/ketering.de\/en\/"},{"@type":"ListItem","position":2,"name":"Wir so | Ketering-Team"}]},{"@type":"WebSite","@id":"https:\/\/ketering.de\/#website","url":"https:\/\/ketering.de\/","name":"Ketering - Event-Management","description":"","potentialAction":[{"@type":"SearchAction","target":{"@type":"EntryPoint","urlTemplate":"https:\/\/ketering.de\/?s={search_term_string}"},"query-input":{"@type":"PropertyValueSpecification","valueRequired":true,"valueName":"search_term_string"}}],"inLanguage":"de"}]}},"_links":{"self":[{"href":"https:\/\/ketering.de\/en\/wp-json\/wp\/v2\/pages\/337","targetHints":{"allow":["GET"]}}],"collection":[{"href":"https:\/\/ketering.de\/en\/wp-json\/wp\/v2\/pages"}],"about":[{"href":"https:\/\/ketering.de\/en\/wp-json\/wp\/v2\/types\/page"}],"author":[{"embeddable":true,"href":"https:\/\/ketering.de\/en\/wp-json\/wp\/v2\/users\/2"}],"replies":[{"embeddable":true,"href":"https:\/\/ketering.de\/en\/wp-json\/wp\/v2\/comments?post=337"}],"version-history":[{"count":43,"href":"https:\/\/ketering.de\/en\/wp-json\/wp\/v2\/pages\/337\/revisions"}],"predecessor-version":[{"id":3723,"href":"https:\/\/ketering.de\/en\/wp-json\/wp\/v2\/pages\/337\/revisions\/3723"}],"wp:attachment":[{"href":"https:\/\/ketering.de\/en\/wp-json\/wp\/v2\/media?parent=337"}],"curies":[{"name":"wp","href":"https:\/\/api.w.org\/{rel}","templated":true}]}}