{"id":215,"date":"2019-11-20T17:21:55","date_gmt":"2019-11-20T16:21:55","guid":{"rendered":"https:\/\/ketering.de\/?page_id=215"},"modified":"2020-03-24T14:39:24","modified_gmt":"2020-03-24T13:39:24","slug":"unsere-veranstaltungen","status":"publish","type":"page","link":"https:\/\/ketering.de\/en\/unsere-veranstaltungen\/","title":{"rendered":"Unsere Veranstaltungen<br>"},"content":{"rendered":"","protected":false},"excerpt":{"rendered":"","protected":false},"author":6,"featured_media":1129,"parent":0,"menu_order":0,"comment_status":"closed","ping_status":"closed","template":"page-templates\/front-page.php","meta":{"footnotes":""},"class_list":["post-215","page","type-page","status-publish","has-post-thumbnail","hentry"],"yoast_head":"<!-- This site is optimized with the Yoast SEO plugin v27.1.1 - https:\/\/yoast.com\/product\/yoast-seo-wordpress\/ -->\n<title>Gro\u00dfveranstaltungen: M\u00e4rkte, Feste, Umz\u00fcge &amp; Streetfood.<\/title>\n<meta name=\"description\" content=\"KETERING Event-Endr\u00fccke gibt&#039;s hier, zum Beispiel zum Karneval der Kulturen, Unicef Kinderfest, Weihnachtsmarkt &amp; Streetfood.\" \/>\n<meta name=\"robots\" content=\"index, follow, max-snippet:-1, max-image-preview:large, max-video-preview:-1\" \/>\n<link rel=\"canonical\" href=\"https:\/\/ketering.de\/en\/unsere-veranstaltungen\/\" \/>\n<meta property=\"og:locale\" content=\"en_US\" \/>\n<meta property=\"og:type\" content=\"article\" \/>\n<meta property=\"og:title\" content=\"Gro\u00dfveranstaltungen: M\u00e4rkte, Feste, Umz\u00fcge &amp; Streetfood.\" \/>\n<meta property=\"og:description\" content=\"KETERING Event-Endr\u00fccke gibt&#039;s hier, zum Beispiel zum Karneval der Kulturen, Unicef Kinderfest, Weihnachtsmarkt &amp; Streetfood.\" \/>\n<meta property=\"og:url\" content=\"https:\/\/ketering.de\/en\/unsere-veranstaltungen\/\" \/>\n<meta property=\"og:site_name\" content=\"Ketering - Event-Management\" \/>\n<meta property=\"article:modified_time\" content=\"2020-03-24T13:39:24+00:00\" \/>\n<meta property=\"og:image\" content=\"https:\/\/ketering.de\/wp-content\/uploads\/2020\/01\/ketering-logo-icon.png\" \/>\n\t<meta property=\"og:image:width\" content=\"593\" \/>\n\t<meta property=\"og:image:height\" content=\"593\" \/>\n\t<meta property=\"og:image:type\" content=\"image\/png\" \/>\n<meta name=\"twitter:card\" content=\"summary_large_image\" \/>\n<script type=\"application\/ld+json\" class=\"yoast-schema-graph\">{\"@context\":\"https:\/\/schema.org\",\"@graph\":[{\"@type\":\"WebPage\",\"@id\":\"https:\/\/ketering.de\/en\/unsere-veranstaltungen\/\",\"url\":\"https:\/\/ketering.de\/en\/unsere-veranstaltungen\/\",\"name\":\"Gro\u00dfveranstaltungen: M\u00e4rkte, Feste, Umz\u00fcge & Streetfood.\",\"isPartOf\":{\"@id\":\"https:\/\/ketering.de\/#website\"},\"primaryImageOfPage\":{\"@id\":\"https:\/\/ketering.de\/en\/unsere-veranstaltungen\/#primaryimage\"},\"image\":{\"@id\":\"https:\/\/ketering.de\/en\/unsere-veranstaltungen\/#primaryimage\"},\"thumbnailUrl\":\"https:\/\/ketering.de\/wp-content\/uploads\/2020\/01\/ketering-logo-icon.png\",\"datePublished\":\"2019-11-20T16:21:55+00:00\",\"dateModified\":\"2020-03-24T13:39:24+00:00\",\"description\":\"KETERING Event-Endr\u00fccke gibt's hier, zum Beispiel zum Karneval der Kulturen, Unicef Kinderfest, Weihnachtsmarkt & Streetfood.\",\"breadcrumb\":{\"@id\":\"https:\/\/ketering.de\/en\/unsere-veranstaltungen\/#breadcrumb\"},\"inLanguage\":\"de\",\"potentialAction\":[{\"@type\":\"ReadAction\",\"target\":[\"https:\/\/ketering.de\/en\/unsere-veranstaltungen\/\"]}]},{\"@type\":\"ImageObject\",\"inLanguage\":\"de\",\"@id\":\"https:\/\/ketering.de\/en\/unsere-veranstaltungen\/#primaryimage\",\"url\":\"https:\/\/ketering.de\/wp-content\/uploads\/2020\/01\/ketering-logo-icon.png\",\"contentUrl\":\"https:\/\/ketering.de\/wp-content\/uploads\/2020\/01\/ketering-logo-icon.png\",\"width\":593,\"height\":593},{\"@type\":\"BreadcrumbList\",\"@id\":\"https:\/\/ketering.de\/en\/unsere-veranstaltungen\/#breadcrumb\",\"itemListElement\":[{\"@type\":\"ListItem\",\"position\":1,\"name\":\"Startseite\",\"item\":\"https:\/\/ketering.de\/en\/\"},{\"@type\":\"ListItem\",\"position\":2,\"name\":\"Unsere Veranstaltungen\"}]},{\"@type\":\"WebSite\",\"@id\":\"https:\/\/ketering.de\/#website\",\"url\":\"https:\/\/ketering.de\/\",\"name\":\"Ketering - Event-Management\",\"description\":\"\",\"potentialAction\":[{\"@type\":\"SearchAction\",\"target\":{\"@type\":\"EntryPoint\",\"urlTemplate\":\"https:\/\/ketering.de\/?s={search_term_string}\"},\"query-input\":{\"@type\":\"PropertyValueSpecification\",\"valueRequired\":true,\"valueName\":\"search_term_string\"}}],\"inLanguage\":\"de\"}]}<\/script>\n<!-- \/ Yoast SEO plugin. -->","yoast_head_json":{"title":"Gro\u00dfveranstaltungen: M\u00e4rkte, Feste, Umz\u00fcge & Streetfood.","description":"KETERING Event-Endr\u00fccke gibt's hier, zum Beispiel zum Karneval der Kulturen, Unicef Kinderfest, Weihnachtsmarkt & Streetfood.","robots":{"index":"index","follow":"follow","max-snippet":"max-snippet:-1","max-image-preview":"max-image-preview:large","max-video-preview":"max-video-preview:-1"},"canonical":"https:\/\/ketering.de\/en\/unsere-veranstaltungen\/","og_locale":"en_US","og_type":"article","og_title":"Gro\u00dfveranstaltungen: M\u00e4rkte, Feste, Umz\u00fcge & Streetfood.","og_description":"KETERING Event-Endr\u00fccke gibt's hier, zum Beispiel zum Karneval der Kulturen, Unicef Kinderfest, Weihnachtsmarkt & Streetfood.","og_url":"https:\/\/ketering.de\/en\/unsere-veranstaltungen\/","og_site_name":"Ketering - Event-Management","article_modified_time":"2020-03-24T13:39:24+00:00","og_image":[{"width":593,"height":593,"url":"https:\/\/ketering.de\/wp-content\/uploads\/2020\/01\/ketering-logo-icon.png","type":"image\/png"}],"twitter_card":"summary_large_image","schema":{"@context":"https:\/\/schema.org","@graph":[{"@type":"WebPage","@id":"https:\/\/ketering.de\/en\/unsere-veranstaltungen\/","url":"https:\/\/ketering.de\/en\/unsere-veranstaltungen\/","name":"Gro\u00dfveranstaltungen: M\u00e4rkte, Feste, Umz\u00fcge & Streetfood.","isPartOf":{"@id":"https:\/\/ketering.de\/#website"},"primaryImageOfPage":{"@id":"https:\/\/ketering.de\/en\/unsere-veranstaltungen\/#primaryimage"},"image":{"@id":"https:\/\/ketering.de\/en\/unsere-veranstaltungen\/#primaryimage"},"thumbnailUrl":"https:\/\/ketering.de\/wp-content\/uploads\/2020\/01\/ketering-logo-icon.png","datePublished":"2019-11-20T16:21:55+00:00","dateModified":"2020-03-24T13:39:24+00:00","description":"KETERING Event-Endr\u00fccke gibt's hier, zum Beispiel zum Karneval der Kulturen, Unicef Kinderfest, Weihnachtsmarkt & Streetfood.","breadcrumb":{"@id":"https:\/\/ketering.de\/en\/unsere-veranstaltungen\/#breadcrumb"},"inLanguage":"de","potentialAction":[{"@type":"ReadAction","target":["https:\/\/ketering.de\/en\/unsere-veranstaltungen\/"]}]},{"@type":"ImageObject","inLanguage":"de","@id":"https:\/\/ketering.de\/en\/unsere-veranstaltungen\/#primaryimage","url":"https:\/\/ketering.de\/wp-content\/uploads\/2020\/01\/ketering-logo-icon.png","contentUrl":"https:\/\/ketering.de\/wp-content\/uploads\/2020\/01\/ketering-logo-icon.png","width":593,"height":593},{"@type":"BreadcrumbList","@id":"https:\/\/ketering.de\/en\/unsere-veranstaltungen\/#breadcrumb","itemListElement":[{"@type":"ListItem","position":1,"name":"Startseite","item":"https:\/\/ketering.de\/en\/"},{"@type":"ListItem","position":2,"name":"Unsere Veranstaltungen"}]},{"@type":"WebSite","@id":"https:\/\/ketering.de\/#website","url":"https:\/\/ketering.de\/","name":"Ketering - Event-Management","description":"","potentialAction":[{"@type":"SearchAction","target":{"@type":"EntryPoint","urlTemplate":"https:\/\/ketering.de\/?s={search_term_string}"},"query-input":{"@type":"PropertyValueSpecification","valueRequired":true,"valueName":"search_term_string"}}],"inLanguage":"de"}]}},"_links":{"self":[{"href":"https:\/\/ketering.de\/en\/wp-json\/wp\/v2\/pages\/215","targetHints":{"allow":["GET"]}}],"collection":[{"href":"https:\/\/ketering.de\/en\/wp-json\/wp\/v2\/pages"}],"about":[{"href":"https:\/\/ketering.de\/en\/wp-json\/wp\/v2\/types\/page"}],"author":[{"embeddable":true,"href":"https:\/\/ketering.de\/en\/wp-json\/wp\/v2\/users\/6"}],"replies":[{"embeddable":true,"href":"https:\/\/ketering.de\/en\/wp-json\/wp\/v2\/comments?post=215"}],"version-history":[{"count":15,"href":"https:\/\/ketering.de\/en\/wp-json\/wp\/v2\/pages\/215\/revisions"}],"predecessor-version":[{"id":1960,"href":"https:\/\/ketering.de\/en\/wp-json\/wp\/v2\/pages\/215\/revisions\/1960"}],"wp:featuredmedia":[{"embeddable":true,"href":"https:\/\/ketering.de\/en\/wp-json\/wp\/v2\/media\/1129"}],"wp:attachment":[{"href":"https:\/\/ketering.de\/en\/wp-json\/wp\/v2\/media?parent=215"}],"curies":[{"name":"wp","href":"https:\/\/api.w.org\/{rel}","templated":true}]}}