{"id":176,"date":"2019-11-20T15:36:04","date_gmt":"2019-11-20T14:36:04","guid":{"rendered":"https:\/\/ketering.de\/?page_id=176"},"modified":"2019-12-19T09:15:50","modified_gmt":"2019-12-19T08:15:50","slug":"event-ideen-konzepte","status":"publish","type":"page","link":"https:\/\/ketering.de\/en\/event-ideen-konzepte\/","title":{"rendered":"Total verr\u00fcckt? Wir sind dabei!"},"content":{"rendered":"\n<h2 class=\"wp-block-heading\">Die Event-Idee ist genial. Aber wie geht&#8217;s jetzt weiter? <\/h2>\n\n\n\n<p>Stimmt, ohne z\u00fcndende Idee, keine gro\u00dfartige Veranstaltung. Aber ohne fundiertes Know-how, strukturiertes Denken, eine gewissenhafte Organisation und Administration und ohne ein \u00c4rmel hochkrempeln, wird auch die noch so sch\u00f6ne Idee &#8211; im besten Fall &#8211; ein Luftschloss bleiben. <\/p>\n\n\n\n<p>Weil wir wissen, dass verr\u00fcckte Zeiten ganz besonders sch\u00f6ne Feiern, Festivals und Events erfordern, sind wir an Bord und unterst\u00fctzen Euch in allen Bereichen!<\/p>\n\n\n\n<h2 class=\"wp-block-heading\">\u201eHard Times Require Furious Dancing!\u201c<\/h2>\n\n\n\n<p>Was braucht Ihr, um Eure Idee in die Tat umzusetzen und was sind die Dinge, die Ihr Euch normalerweise erst fragt, wenn Ihr schon wagemutig in den Strudel des gro\u00dfen Ereignisses gesprungen seid?<\/p>\n\n\n\n<div class=\"wp-block-columns has-2-columns is-layout-flex wp-container-core-columns-is-layout-9d6595d7 wp-block-columns-is-layout-flex\">\n<div class=\"wp-block-column is-layout-flow wp-block-column-is-layout-flow\">\n<p>Wir beraten Euch gern \u2013 am liebsten fr\u00fchzeitig \u2013 sind aber auch bei operativer Hektik und Panik ein Fels in der Brandung. <\/p>\n<\/div>\n\n\n\n<div class=\"wp-block-column is-layout-flow wp-block-column-is-layout-flow\">\n<div class=\"wp-block-button\"><a class=\"wp-block-button__link has-text-color has-background no-border-radius\" href=\"https:\/\/ketering.de\/kontakt\/\" style=\"background-color:#ffffff;color:#000000\">Fragt uns einfach!<\/a><\/div>\n<\/div>\n<\/div>\n","protected":false},"excerpt":{"rendered":"<p>Die Event-Idee ist genial. Aber wie geht&#8217;s jetzt weiter? Stimmt, ohne z\u00fcndende Idee, keine gro\u00dfartige Veranstaltung. Aber ohne fundiertes Know-how, strukturiertes Denken, eine gewissenhafte Organisation und Administration und ohne ein \u00c4rmel hochkrempeln, wird auch die noch so sch\u00f6ne Idee &#8211; im besten Fall &#8211; ein Luftschloss bleiben. Weil wir wissen, dass verr\u00fcckte Zeiten ganz besonders sch\u00f6ne Feiern, Festivals und Events erfordern, sind wir an Bord und unterst\u00fctzen Euch in allen Bereichen! \u201eHard Times Require Furious Dancing!\u201c Was braucht Ihr, um Eure Idee in die Tat umzusetzen und was sind die Dinge, die Ihr Euch normalerweise erst fragt, wenn Ihr schon wagemutig in den Strudel des gro\u00dfen Ereignisses gesprungen seid? Wir beraten Euch gern \u2013 am liebsten fr\u00fchzeitig \u2013 sind aber auch bei operativer Hektik und Panik ein Fels in der Brandung.<\/p>\n","protected":false},"author":2,"featured_media":0,"parent":0,"menu_order":0,"comment_status":"closed","ping_status":"closed","template":"page-templates\/full-width.php","meta":{"footnotes":""},"class_list":["post-176","page","type-page","status-publish","hentry"],"yoast_head":"<!-- This site is optimized with the Yoast SEO plugin v27.1.1 - https:\/\/yoast.com\/product\/yoast-seo-wordpress\/ -->\n<title>Verr\u00fcckte Event-Idee? Setzen wir sicher &amp; professionell um!<\/title>\n<meta name=\"description\" content=\"Verr\u00fcckte Zeiten erfordern gro\u00dfe Feiern, Festivals &amp; besondere Events. Wir kennen Kniffe und sorgen f\u00fcr Sicherheit. Mehr Info!\" \/>\n<meta name=\"robots\" content=\"index, follow, max-snippet:-1, max-image-preview:large, max-video-preview:-1\" \/>\n<link rel=\"canonical\" href=\"https:\/\/ketering.de\/event-ideen-konzepte\/\" \/>\n<meta property=\"og:locale\" content=\"en_US\" \/>\n<meta property=\"og:type\" content=\"article\" \/>\n<meta property=\"og:title\" content=\"Verr\u00fcckte Event-Idee? Setzen wir sicher &amp; professionell um!\" \/>\n<meta property=\"og:description\" content=\"Verr\u00fcckte Zeiten erfordern gro\u00dfe Feiern, Festivals &amp; besondere Events. Wir kennen Kniffe und sorgen f\u00fcr Sicherheit. Mehr Info!\" \/>\n<meta property=\"og:url\" content=\"https:\/\/ketering.de\/event-ideen-konzepte\/\" \/>\n<meta property=\"og:site_name\" content=\"Ketering - Event-Management\" \/>\n<meta property=\"article:modified_time\" content=\"2019-12-19T08:15:50+00:00\" \/>\n<meta name=\"twitter:card\" content=\"summary_large_image\" \/>\n<meta name=\"twitter:label1\" content=\"Gesch\u00e4tzte Lesezeit\" \/>\n\t<meta name=\"twitter:data1\" content=\"1\u00a0Minute\" \/>\n<script type=\"application\/ld+json\" class=\"yoast-schema-graph\">{\"@context\":\"https:\/\/schema.org\",\"@graph\":[{\"@type\":\"WebPage\",\"@id\":\"https:\/\/ketering.de\/event-ideen-konzepte\/\",\"url\":\"https:\/\/ketering.de\/event-ideen-konzepte\/\",\"name\":\"Verr\u00fcckte Event-Idee? Setzen wir sicher & professionell um!\",\"isPartOf\":{\"@id\":\"https:\/\/ketering.de\/#website\"},\"datePublished\":\"2019-11-20T14:36:04+00:00\",\"dateModified\":\"2019-12-19T08:15:50+00:00\",\"description\":\"Verr\u00fcckte Zeiten erfordern gro\u00dfe Feiern, Festivals & besondere Events. Wir kennen Kniffe und sorgen f\u00fcr Sicherheit. Mehr Info!\",\"breadcrumb\":{\"@id\":\"https:\/\/ketering.de\/event-ideen-konzepte\/#breadcrumb\"},\"inLanguage\":\"de\",\"potentialAction\":[{\"@type\":\"ReadAction\",\"target\":[\"https:\/\/ketering.de\/event-ideen-konzepte\/\"]}]},{\"@type\":\"BreadcrumbList\",\"@id\":\"https:\/\/ketering.de\/event-ideen-konzepte\/#breadcrumb\",\"itemListElement\":[{\"@type\":\"ListItem\",\"position\":1,\"name\":\"Startseite\",\"item\":\"https:\/\/ketering.de\/en\/\"},{\"@type\":\"ListItem\",\"position\":2,\"name\":\"Total verr\u00fcckt? Wir sind dabei!\"}]},{\"@type\":\"WebSite\",\"@id\":\"https:\/\/ketering.de\/#website\",\"url\":\"https:\/\/ketering.de\/\",\"name\":\"Ketering - Event-Management\",\"description\":\"\",\"potentialAction\":[{\"@type\":\"SearchAction\",\"target\":{\"@type\":\"EntryPoint\",\"urlTemplate\":\"https:\/\/ketering.de\/?s={search_term_string}\"},\"query-input\":{\"@type\":\"PropertyValueSpecification\",\"valueRequired\":true,\"valueName\":\"search_term_string\"}}],\"inLanguage\":\"de\"}]}<\/script>\n<!-- \/ Yoast SEO plugin. -->","yoast_head_json":{"title":"Verr\u00fcckte Event-Idee? Setzen wir sicher & professionell um!","description":"Verr\u00fcckte Zeiten erfordern gro\u00dfe Feiern, Festivals & besondere Events. Wir kennen Kniffe und sorgen f\u00fcr Sicherheit. Mehr Info!","robots":{"index":"index","follow":"follow","max-snippet":"max-snippet:-1","max-image-preview":"max-image-preview:large","max-video-preview":"max-video-preview:-1"},"canonical":"https:\/\/ketering.de\/event-ideen-konzepte\/","og_locale":"en_US","og_type":"article","og_title":"Verr\u00fcckte Event-Idee? Setzen wir sicher & professionell um!","og_description":"Verr\u00fcckte Zeiten erfordern gro\u00dfe Feiern, Festivals & besondere Events. Wir kennen Kniffe und sorgen f\u00fcr Sicherheit. Mehr Info!","og_url":"https:\/\/ketering.de\/event-ideen-konzepte\/","og_site_name":"Ketering - Event-Management","article_modified_time":"2019-12-19T08:15:50+00:00","twitter_card":"summary_large_image","twitter_misc":{"Gesch\u00e4tzte Lesezeit":"1\u00a0Minute"},"schema":{"@context":"https:\/\/schema.org","@graph":[{"@type":"WebPage","@id":"https:\/\/ketering.de\/event-ideen-konzepte\/","url":"https:\/\/ketering.de\/event-ideen-konzepte\/","name":"Verr\u00fcckte Event-Idee? Setzen wir sicher & professionell um!","isPartOf":{"@id":"https:\/\/ketering.de\/#website"},"datePublished":"2019-11-20T14:36:04+00:00","dateModified":"2019-12-19T08:15:50+00:00","description":"Verr\u00fcckte Zeiten erfordern gro\u00dfe Feiern, Festivals & besondere Events. Wir kennen Kniffe und sorgen f\u00fcr Sicherheit. Mehr Info!","breadcrumb":{"@id":"https:\/\/ketering.de\/event-ideen-konzepte\/#breadcrumb"},"inLanguage":"de","potentialAction":[{"@type":"ReadAction","target":["https:\/\/ketering.de\/event-ideen-konzepte\/"]}]},{"@type":"BreadcrumbList","@id":"https:\/\/ketering.de\/event-ideen-konzepte\/#breadcrumb","itemListElement":[{"@type":"ListItem","position":1,"name":"Startseite","item":"https:\/\/ketering.de\/en\/"},{"@type":"ListItem","position":2,"name":"Total verr\u00fcckt? Wir sind dabei!"}]},{"@type":"WebSite","@id":"https:\/\/ketering.de\/#website","url":"https:\/\/ketering.de\/","name":"Ketering - Event-Management","description":"","potentialAction":[{"@type":"SearchAction","target":{"@type":"EntryPoint","urlTemplate":"https:\/\/ketering.de\/?s={search_term_string}"},"query-input":{"@type":"PropertyValueSpecification","valueRequired":true,"valueName":"search_term_string"}}],"inLanguage":"de"}]}},"_links":{"self":[{"href":"https:\/\/ketering.de\/en\/wp-json\/wp\/v2\/pages\/176","targetHints":{"allow":["GET"]}}],"collection":[{"href":"https:\/\/ketering.de\/en\/wp-json\/wp\/v2\/pages"}],"about":[{"href":"https:\/\/ketering.de\/en\/wp-json\/wp\/v2\/types\/page"}],"author":[{"embeddable":true,"href":"https:\/\/ketering.de\/en\/wp-json\/wp\/v2\/users\/2"}],"replies":[{"embeddable":true,"href":"https:\/\/ketering.de\/en\/wp-json\/wp\/v2\/comments?post=176"}],"version-history":[{"count":12,"href":"https:\/\/ketering.de\/en\/wp-json\/wp\/v2\/pages\/176\/revisions"}],"predecessor-version":[{"id":790,"href":"https:\/\/ketering.de\/en\/wp-json\/wp\/v2\/pages\/176\/revisions\/790"}],"wp:attachment":[{"href":"https:\/\/ketering.de\/en\/wp-json\/wp\/v2\/media?parent=176"}],"curies":[{"name":"wp","href":"https:\/\/api.w.org\/{rel}","templated":true}]}}