{"id":161,"date":"2019-11-20T15:01:55","date_gmt":"2019-11-20T14:01:55","guid":{"rendered":"https:\/\/ketering.de\/?page_id=161"},"modified":"2024-01-09T14:49:18","modified_gmt":"2024-01-09T13:49:18","slug":"im-oeffentlichen-raum","status":"publish","type":"page","link":"https:\/\/ketering.de\/en\/im-oeffentlichen-raum\/","title":{"rendered":"im \u00f6ffentlichen Raum"},"content":{"rendered":"\n<h1 class=\"wp-block-heading\">Veranstaltungen im \u00f6ffentlichen Raum <br>bed\u00fcrfen einer Reihe an Erlaubnissen und Voraussetzungen.<\/h1>\n\n\n\n<p>Egal, ob Stra\u00dfenfest, Umzug, Musik-Festival oder Seifenkistenrennen: In Deutschland braucht man f\u00fcr eine Veranstaltung auf \u00f6ffentlichen Stra\u00dfen oder Pl\u00e4tzen eine Erlaubnis. Damit diese erteilt wird, muss ein Antrag beim zust\u00e4ndigen Amt gestellt werden und es m\u00fcssen einige Voraussetzungen per se erf\u00fcllt sein, zum Beispiel ein Versicherungsschutz wie Haftpflicht. und ggf. eine Unfallschutzversicherung. <\/p>\n\n\n\n<div class=\"wp-block-columns has-2-columns is-layout-flex wp-container-core-columns-is-layout-9d6595d7 wp-block-columns-is-layout-flex\">\n<div class=\"wp-block-column is-layout-flow wp-block-column-is-layout-flow\">\n<h2 class=\"wp-block-heading\"><strong>Wir kennen Abl\u00e4ufe, Ansprechpartner und Fristen f\u00fcr Events im \u00f6ffentlichen Raum! <\/strong><\/h2>\n\n\n\n<p>Wir stellen alle Antr\u00e4ge fristgerecht und wissen, welche\nUnterlagen (von Skizzen, \u00fcber Haftungsausschluss bis hin zu Halteverbotszonen)\nwo gebraucht werden. Wir kommunizieren mit den Bezirks- und Ordnungs\u00e4mtern,\nholen Genehmigungen ein und regeln die Abrechnung mit der GEMA. <\/p>\n<\/div>\n\n\n\n<div class=\"wp-block-column is-layout-flow wp-block-column-is-layout-flow\">\n<h2 class=\"wp-block-heading\"><strong>Wir sind Profis, wenn\u2019s um die richtigen Formulare geht und sind up to date bei geltenden Gesetzen und Verordnungen<\/strong>.<\/h2>\n\n\n\n<p>Formulare gibt es bei den zust\u00e4ndigen Beh\u00f6rden, wir\n\u00fcbernehmen die Bereitstellung und das Ausf\u00fcllen. Infos zu allen Geb\u00fchren und\nauch zu Geb\u00fchrenerm\u00e4\u00dfigungen oder anderen Formalit\u00e4ten geben wir auf Anfrage\ngern an unsere Kunden weiter. Wer sich keinen Kopf machen m\u00f6chte, der ist aber\nauch gut aufgehoben bei uns!<\/p>\n<\/div>\n<\/div>\n\n\n\n<div class=\"wp-block-themepunch-revslider revslider\" data-modal=\"false\" data-slidertitle=\"Slider im \u00f6ffentlchen raum\">\n\t\t\t\t<p class=\"rs-p-wp-fix\"><\/p>\n\t\t\t\t<sr7-module data-alias=\"Slider-im-ffentlchen-raum\" data-id=\"18\" id=\"SR7_18_1\" class=\"rs-ov-hidden\" data-version=\"6.7.50\">\n\t\t\t\t\t<sr7-adjuster><\/sr7-adjuster>\n\t\t\t\t\t<sr7-content>\n\t\t\t\t\t\t<sr7-slide id=\"SR7_18_1-4\" data-key=\"4\">\n\t\t\t\t\t\t\t<sr7-bg id=\"SR7_18_1-4-1\" class=\"sr7-layer\"><noscript><img decoding=\"async\" src=\"https:\/\/ketering.de\/wp-content\/uploads\/2023\/10\/SIB-2.jpg\" alt=\"\" title=\"SIB 2\"><\/noscript><\/sr7-bg>\n\t\t\t\t\t\t<\/sr7-slide>\n\t\t\t\t\t\t<sr7-slide id=\"SR7_18_1-5\" data-key=\"5\">\n\t\t\t\t\t\t\t<sr7-bg id=\"SR7_18_1-5-1\" class=\"sr7-layer\"><noscript><img decoding=\"async\" src=\"https:\/\/ketering.de\/wp-content\/uploads\/2019\/11\/ESFA-2019-Street-Food-auf-Achse-41.jpg\" alt=\"\" title=\"ESFA-2019-Street-Food-auf-Achse-(41)\"><\/noscript><\/sr7-bg>\n\t\t\t\t\t\t<\/sr7-slide>\n\t\t\t\t\t\t<sr7-slide id=\"SR7_18_1-3\" data-key=\"3\">\n\t\t\t\t\t\t\t<sr7-bg id=\"SR7_18_1-3-1\" class=\"sr7-layer\"><noscript><img decoding=\"async\" src=\"https:\/\/ketering.de\/wp-content\/uploads\/2019\/11\/Japan-Spezial@Kathalina-Ketschau-7.jpg\" alt=\"\" title=\"Japan-Spezial@Kathalina-Ketschau-(7)\"><\/noscript><\/sr7-bg>\n\t\t\t\t\t\t<\/sr7-slide>\n\t\t\t\t\t\t<sr7-slide id=\"SR7_18_1-2\" data-key=\"2\">\n\t\t\t\t\t\t\t<sr7-bg id=\"SR7_18_1-2-1\" class=\"sr7-layer\"><noscript><img decoding=\"async\" src=\"https:\/\/ketering.de\/wp-content\/uploads\/2019\/11\/Street-Food-auf-Achse-Markt-2018-von-oben.jpg\" alt=\"\" title=\"Street-Food-auf-Achse-Markt-2018-von-oben\"><\/noscript><\/sr7-bg>\n\t\t\t\t\t\t<\/sr7-slide>\n\t\t\t\t\t\t<sr7-slide id=\"SR7_18_1-11\" data-key=\"11\">\n\t\t\t\t\t\t\t<sr7-bg id=\"SR7_18_1-11-1\" class=\"sr7-layer\"><noscript><img decoding=\"async\" src=\"https:\/\/ketering.de\/wp-content\/uploads\/2019\/12\/Karneval-der-Kulturen@Frank-Lo\u0308hmer-2.jpg\" alt=\"\" title=\"Karneval-der-Kulturen@Frank-Lo\u0308hmer-2\"><\/noscript><\/sr7-bg>\n\t\t\t\t\t\t<\/sr7-slide>\n\t\t\t\t\t\t<sr7-slide id=\"SR7_18_1-40\" data-key=\"40\">\n\t\t\t\t\t\t<\/sr7-slide>\n\t\t\t\t\t<\/sr7-content>\n\t\t\t\t\t<image_lists style=\"display:none\">\n\t\t\t\t\t\t<img data-src=\"\/\/ketering.de\/wp-content\/uploads\/2019\/11\/Street-Food-auf-Achse-Markt-2018-von-oben.jpg\" data-libid=\"327\" title=\"Street-Food-auf-Achse-Markt-2018-von-oben\" width=\"0\" height=\"0\" data-dbsrc=\"Ly9rZXRlcmluZy5kZS93cC1jb250ZW50L3VwbG9hZHMvMjAxOS8xMS9TdHJlZXQtRm9vZC1hdWYtQWNoc2UtTWFya3QtMjAxOC12b24tb2Jlbi5qcGc=\"\/>\n\t\t\t\t\t\t<img data-src=\"\/\/ketering.de\/wp-content\/uploads\/2019\/11\/Japan-Spezial@Kathalina-Ketschau-7.jpg\" data-libid=\"324\" title=\"Japan-Spezial@Kathalina-Ketschau-(7)\" width=\"0\" height=\"0\" data-dbsrc=\"Ly9rZXRlcmluZy5kZS93cC1jb250ZW50L3VwbG9hZHMvMjAxOS8xMS9KYXBhbi1TcGV6aWFsQEthdGhhbGluYS1LZXRzY2hhdS03LmpwZw==\"\/>\n\t\t\t\t\t\t<img data-src=\"\/\/ketering.de\/wp-content\/uploads\/2023\/10\/SIB-2.jpg\" data-libid=\"3083\" data-lib=\"medialibrary\" title=\"SIB 2\" width=\"0\" height=\"0\" data-dbsrc=\"Ly9rZXRlcmluZy5kZS93cC1jb250ZW50L3VwbG9hZHMvMjAyMy8xMC9TSUItMi5qcGc=\"\/>\n\t\t\t\t\t\t<img data-src=\"\/\/ketering.de\/wp-content\/uploads\/2019\/11\/ESFA-2019-Street-Food-auf-Achse-41.jpg\" data-libid=\"323\" title=\"ESFA-2019-Street-Food-auf-Achse-(41)\" width=\"0\" height=\"0\" data-dbsrc=\"Ly9rZXRlcmluZy5kZS93cC1jb250ZW50L3VwbG9hZHMvMjAxOS8xMS9FU0ZBLTIwMTktU3RyZWV0LUZvb2QtYXVmLUFjaHNlLTQxLmpwZw==\"\/>\n\t\t\t\t\t\t<img data-src=\"\/\/ketering.de\/wp-content\/uploads\/2019\/12\/Karneval-der-Kulturen@Frank-Lo\u0308hmer-2.jpg\" data-libid=\"772\" data-lib=\"medialibrary\" title=\"Karneval-der-Kulturen@Frank-Lo\u0308hmer-2\" width=\"0\" height=\"0\" data-dbsrc=\"Ly9rZXRlcmluZy5kZS93cC1jb250ZW50L3VwbG9hZHMvMjAxOS8xMi9LYXJuZXZhbC1kZXItS3VsdHVyZW5ARnJhbmstTG\/MiGhtZXItMi5qcGc=\"\/>\n\t\t\t\t\t<\/image_lists>\n\t\t\t\t<\/sr7-module>\n\t\t\t\t<script>\n\t\t\t\t\twindow.SR7 ??={};SR7.PMH ??={}; SR7.PMH[\"SR7_18_1\"] = {cn:100,state:false,fn: function() { if (_tpt!==undefined && _tpt.prepareModuleHeight !== undefined) {  _tpt.prepareModuleHeight({id:\"SR7_18_1\",el:[700,700,768,960,720],type:'standard',shdw:'0',gh:[700,700,,,],gw:[1240,1240,1024,778,480],vpt:['-200px'],size:{fullWidth:false, fullHeight:false},mh:'0',onh:0,onw:0,bg:{color:'{\"orig\":\"transparent\",\"type\":\"solid\",\"string\":\"transparent\"}'},plType:'0',plColor:'#FFFFFF'});   SR7.PMH[\"SR7_18_1\"].state=true;} else if(SR7.PMH[\"SR7_18_1\"].cn-->0)\tsetTimeout( SR7.PMH[\"SR7_18_1\"].fn,19);}};SR7.PMH[\"SR7_18_1\" ].fn();\n\t\t\t\t<\/script>\n<\/div>\n\n\n\n<div class=\"wp-block-columns has-2-columns is-layout-flex wp-container-core-columns-is-layout-9d6595d7 wp-block-columns-is-layout-flex\">\n<div class=\"wp-block-column is-layout-flow wp-block-column-is-layout-flow\">\n<h2 class=\"wp-block-heading\"><strong>Rechtsgrundlagen f\u00fcr Veranstaltungen im \u00f6ffentlichen Raum sind<\/strong>:<\/h2>\n\n\n\n<p>die Strassenverkehrsordnung (StVO), das Berliner Strassengesetz (BerlStrG), das Gr\u00fcnanlagengesetz (Gr\u00fcnanlG), das Landes-Immissionsschutzgesetz Berlin (LImSchG Bln), die Gewerbeordnung (GewO), das Gesetz \u00fcber explosionsgef\u00e4hrliche Stoffe (SprengG) (Feuerwerk), die Erste Verordnung zum Sprengstoffgesetz (SprengV) (Feuerwerk), das Bundesfernstra\u00dfengesetz (FStrG), die&nbsp; Verwaltungsgeb\u00fchrenordnung (VGebO) oder die Sondernutzungsgeb\u00fchrenverordnung (SNGebV). <\/p>\n<\/div>\n\n\n\n<div class=\"wp-block-column is-layout-flow wp-block-column-is-layout-flow\">\n<h2 class=\"wp-block-heading\">Klingt kompliziert? <\/h2>\n\n\n\n<p>Mit einigen Jahren Erfahrung kommen wir damit gut zurecht \u2013 und wissen dar\u00fcber hinaus den Schutz der \u00d6ffentlichkeit bei Veranstaltungen sehr zu sch\u00e4tzen!<\/p>\n\n\n\n<p>Sprecht uns an, wir unterst\u00fctzen Euch bei Eurer Veranstaltung im \u00f6ffentlichen Raum gern! <\/p>\n\n\n\n<div class=\"wp-block-button\"><a class=\"wp-block-button__link has-text-color has-background no-border-radius\" href=\"https:\/\/ketering.de\/kontakt\/\" style=\"background-color:#ffffff;color:#000000\">Jetzt Ketering kontaktieren!<\/a><\/div>\n<\/div>\n<\/div>\n\n\n\n<div style=\"height:40px\" aria-hidden=\"true\" class=\"wp-block-spacer\"><\/div>\n","protected":false},"excerpt":{"rendered":"<p>Veranstaltungen im \u00f6ffentlichen Raum bed\u00fcrfen einer Reihe an Erlaubnissen und Voraussetzungen. Egal, ob Stra\u00dfenfest, Umzug, Musik-Festival oder Seifenkistenrennen: In Deutschland braucht man f\u00fcr eine Veranstaltung auf \u00f6ffentlichen Stra\u00dfen oder Pl\u00e4tzen eine Erlaubnis. Damit diese erteilt wird, muss ein Antrag beim zust\u00e4ndigen Amt gestellt werden und es m\u00fcssen einige Voraussetzungen per se erf\u00fcllt sein, zum Beispiel ein Versicherungsschutz wie Haftpflicht. und ggf. eine Unfallschutzversicherung. Wir kennen Abl\u00e4ufe, Ansprechpartner und Fristen f\u00fcr Events im \u00f6ffentlichen Raum! Wir stellen alle Antr\u00e4ge fristgerecht und wissen, welche Unterlagen (von Skizzen, \u00fcber Haftungsausschluss bis hin zu Halteverbotszonen) wo gebraucht werden. Wir kommunizieren mit den Bezirks- und Ordnungs\u00e4mtern, holen Genehmigungen ein und regeln die Abrechnung mit der GEMA. Wir sind Profis, wenn\u2019s um die richtigen Formulare geht und sind up to date bei geltenden Gesetzen und Verordnungen. Formulare gibt es bei den zust\u00e4ndigen Beh\u00f6rden, wir \u00fcbernehmen die Bereitstellung und das Ausf\u00fcllen. Infos zu allen Geb\u00fchren und auch zu Geb\u00fchrenerm\u00e4\u00dfigungen oder anderen Formalit\u00e4ten geben wir auf Anfrage gern an unsere Kunden weiter. Wer sich keinen Kopf machen m\u00f6chte, der ist aber auch gut &hellip;<\/p>\n","protected":false},"author":2,"featured_media":0,"parent":0,"menu_order":0,"comment_status":"closed","ping_status":"closed","template":"page-templates\/full-width.php","meta":{"footnotes":""},"class_list":["post-161","page","type-page","status-publish","hentry"],"yoast_head":"<!-- This site is optimized with the Yoast SEO plugin v27.1.1 - https:\/\/yoast.com\/product\/yoast-seo-wordpress\/ -->\n<title>Gro\u00dfveranstaltungen im \u00f6ffentliche Raum. Wir machen das!<\/title>\n<meta name=\"description\" content=\"Stra\u00dfenfest, Umzug, Festival oder Seifenkistenrennen: Es gibt einiges zu beachten. Wir sorgen f\u00fcr Erlaubnisse und Sicherheit!\" \/>\n<meta name=\"robots\" content=\"index, follow, max-snippet:-1, max-image-preview:large, max-video-preview:-1\" \/>\n<link rel=\"canonical\" href=\"https:\/\/ketering.de\/im-oeffentlichen-raum\/\" \/>\n<meta property=\"og:locale\" content=\"en_US\" \/>\n<meta property=\"og:type\" content=\"article\" \/>\n<meta property=\"og:title\" content=\"Gro\u00dfveranstaltungen im \u00f6ffentliche Raum. Wir machen das!\" \/>\n<meta property=\"og:description\" content=\"Stra\u00dfenfest, Umzug, Festival oder Seifenkistenrennen: Es gibt einiges zu beachten. Wir sorgen f\u00fcr Erlaubnisse und Sicherheit!\" \/>\n<meta property=\"og:url\" content=\"https:\/\/ketering.de\/im-oeffentlichen-raum\/\" \/>\n<meta property=\"og:site_name\" content=\"Ketering - Event-Management\" \/>\n<meta property=\"article:modified_time\" content=\"2024-01-09T13:49:18+00:00\" \/>\n<meta name=\"twitter:card\" content=\"summary_large_image\" \/>\n<meta name=\"twitter:label1\" content=\"Gesch\u00e4tzte Lesezeit\" \/>\n\t<meta name=\"twitter:data1\" content=\"2\u00a0Minuten\" \/>\n<script type=\"application\/ld+json\" class=\"yoast-schema-graph\">{\"@context\":\"https:\/\/schema.org\",\"@graph\":[{\"@type\":\"WebPage\",\"@id\":\"https:\/\/ketering.de\/im-oeffentlichen-raum\/\",\"url\":\"https:\/\/ketering.de\/im-oeffentlichen-raum\/\",\"name\":\"Gro\u00dfveranstaltungen im \u00f6ffentliche Raum. Wir machen das!\",\"isPartOf\":{\"@id\":\"https:\/\/ketering.de\/#website\"},\"datePublished\":\"2019-11-20T14:01:55+00:00\",\"dateModified\":\"2024-01-09T13:49:18+00:00\",\"description\":\"Stra\u00dfenfest, Umzug, Festival oder Seifenkistenrennen: Es gibt einiges zu beachten. Wir sorgen f\u00fcr Erlaubnisse und Sicherheit!\",\"breadcrumb\":{\"@id\":\"https:\/\/ketering.de\/im-oeffentlichen-raum\/#breadcrumb\"},\"inLanguage\":\"de\",\"potentialAction\":[{\"@type\":\"ReadAction\",\"target\":[\"https:\/\/ketering.de\/im-oeffentlichen-raum\/\"]}]},{\"@type\":\"BreadcrumbList\",\"@id\":\"https:\/\/ketering.de\/im-oeffentlichen-raum\/#breadcrumb\",\"itemListElement\":[{\"@type\":\"ListItem\",\"position\":1,\"name\":\"Startseite\",\"item\":\"https:\/\/ketering.de\/en\/\"},{\"@type\":\"ListItem\",\"position\":2,\"name\":\"im \u00f6ffentlichen Raum\"}]},{\"@type\":\"WebSite\",\"@id\":\"https:\/\/ketering.de\/#website\",\"url\":\"https:\/\/ketering.de\/\",\"name\":\"Ketering - Event-Management\",\"description\":\"\",\"potentialAction\":[{\"@type\":\"SearchAction\",\"target\":{\"@type\":\"EntryPoint\",\"urlTemplate\":\"https:\/\/ketering.de\/?s={search_term_string}\"},\"query-input\":{\"@type\":\"PropertyValueSpecification\",\"valueRequired\":true,\"valueName\":\"search_term_string\"}}],\"inLanguage\":\"de\"}]}<\/script>\n<!-- \/ Yoast SEO plugin. -->","yoast_head_json":{"title":"Gro\u00dfveranstaltungen im \u00f6ffentliche Raum. Wir machen das!","description":"Stra\u00dfenfest, Umzug, Festival oder Seifenkistenrennen: Es gibt einiges zu beachten. Wir sorgen f\u00fcr Erlaubnisse und Sicherheit!","robots":{"index":"index","follow":"follow","max-snippet":"max-snippet:-1","max-image-preview":"max-image-preview:large","max-video-preview":"max-video-preview:-1"},"canonical":"https:\/\/ketering.de\/im-oeffentlichen-raum\/","og_locale":"en_US","og_type":"article","og_title":"Gro\u00dfveranstaltungen im \u00f6ffentliche Raum. Wir machen das!","og_description":"Stra\u00dfenfest, Umzug, Festival oder Seifenkistenrennen: Es gibt einiges zu beachten. Wir sorgen f\u00fcr Erlaubnisse und Sicherheit!","og_url":"https:\/\/ketering.de\/im-oeffentlichen-raum\/","og_site_name":"Ketering - Event-Management","article_modified_time":"2024-01-09T13:49:18+00:00","twitter_card":"summary_large_image","twitter_misc":{"Gesch\u00e4tzte Lesezeit":"2\u00a0Minuten"},"schema":{"@context":"https:\/\/schema.org","@graph":[{"@type":"WebPage","@id":"https:\/\/ketering.de\/im-oeffentlichen-raum\/","url":"https:\/\/ketering.de\/im-oeffentlichen-raum\/","name":"Gro\u00dfveranstaltungen im \u00f6ffentliche Raum. Wir machen das!","isPartOf":{"@id":"https:\/\/ketering.de\/#website"},"datePublished":"2019-11-20T14:01:55+00:00","dateModified":"2024-01-09T13:49:18+00:00","description":"Stra\u00dfenfest, Umzug, Festival oder Seifenkistenrennen: Es gibt einiges zu beachten. Wir sorgen f\u00fcr Erlaubnisse und Sicherheit!","breadcrumb":{"@id":"https:\/\/ketering.de\/im-oeffentlichen-raum\/#breadcrumb"},"inLanguage":"de","potentialAction":[{"@type":"ReadAction","target":["https:\/\/ketering.de\/im-oeffentlichen-raum\/"]}]},{"@type":"BreadcrumbList","@id":"https:\/\/ketering.de\/im-oeffentlichen-raum\/#breadcrumb","itemListElement":[{"@type":"ListItem","position":1,"name":"Startseite","item":"https:\/\/ketering.de\/en\/"},{"@type":"ListItem","position":2,"name":"im \u00f6ffentlichen Raum"}]},{"@type":"WebSite","@id":"https:\/\/ketering.de\/#website","url":"https:\/\/ketering.de\/","name":"Ketering - Event-Management","description":"","potentialAction":[{"@type":"SearchAction","target":{"@type":"EntryPoint","urlTemplate":"https:\/\/ketering.de\/?s={search_term_string}"},"query-input":{"@type":"PropertyValueSpecification","valueRequired":true,"valueName":"search_term_string"}}],"inLanguage":"de"}]}},"_links":{"self":[{"href":"https:\/\/ketering.de\/en\/wp-json\/wp\/v2\/pages\/161","targetHints":{"allow":["GET"]}}],"collection":[{"href":"https:\/\/ketering.de\/en\/wp-json\/wp\/v2\/pages"}],"about":[{"href":"https:\/\/ketering.de\/en\/wp-json\/wp\/v2\/types\/page"}],"author":[{"embeddable":true,"href":"https:\/\/ketering.de\/en\/wp-json\/wp\/v2\/users\/2"}],"replies":[{"embeddable":true,"href":"https:\/\/ketering.de\/en\/wp-json\/wp\/v2\/comments?post=161"}],"version-history":[{"count":35,"href":"https:\/\/ketering.de\/en\/wp-json\/wp\/v2\/pages\/161\/revisions"}],"predecessor-version":[{"id":3352,"href":"https:\/\/ketering.de\/en\/wp-json\/wp\/v2\/pages\/161\/revisions\/3352"}],"wp:attachment":[{"href":"https:\/\/ketering.de\/en\/wp-json\/wp\/v2\/media?parent=161"}],"curies":[{"name":"wp","href":"https:\/\/api.w.org\/{rel}","templated":true}]}}