{"id":111,"date":"2019-11-20T11:05:46","date_gmt":"2019-11-20T10:05:46","guid":{"rendered":"https:\/\/ketering.de\/?page_id=111"},"modified":"2019-12-19T11:16:07","modified_gmt":"2019-12-19T10:16:07","slug":"veranstaltungen","status":"publish","type":"page","link":"https:\/\/ketering.de\/en\/veranstaltungen\/","title":{"rendered":"Veranstaltungen \u00dcbersicht <br> (Option 1)"},"content":{"rendered":"\n<h2 class=\"wp-block-heading\"><strong>Alle Ketering-Events auf einen Blick<\/strong><\/h2>\n\n\n\n<p>St\u00f6bert Euch durch Stra\u00dfenfeste, Festivals, M\u00e4rkte oder Umz\u00fcge oder sucht die f\u00fcr Euch passende Veranstaltung aus!<\/p>\n\n\n\n<div class=\"wp-block-columns has-3-columns is-layout-flex wp-container-core-columns-is-layout-9d6595d7 wp-block-columns-is-layout-flex\">\n<div class=\"wp-block-column is-layout-flow wp-block-column-is-layout-flow\">\n<h2 class=\"wp-block-heading\">Lucia Weihnachtsmarkt<\/h2>\n\n\n\n<hr class=\"wp-block-separator is-style-wide\"\/>\n\n\n\n<figure class=\"wp-block-image\"><img loading=\"lazy\" decoding=\"async\" width=\"600\" height=\"400\" src=\"https:\/\/ketering.de\/wp-content\/uploads\/2019\/11\/Lucia-Presse-2019-Foto@Thomas-Ernst.jpg\" alt=\"\" class=\"wp-image-229\" srcset=\"https:\/\/ketering.de\/wp-content\/uploads\/2019\/11\/Lucia-Presse-2019-Foto@Thomas-Ernst.jpg 600w, https:\/\/ketering.de\/wp-content\/uploads\/2019\/11\/Lucia-Presse-2019-Foto@Thomas-Ernst-300x200.jpg 300w\" sizes=\"auto, (max-width: 600px) 100vw, 600px\" \/><\/figure>\n\n\n\n<p><strong>Datum: <\/strong>25.November &#8211; 22. Dezember 2019<br><strong>Event:<\/strong> Gro\u00dfveranstaltung im \u00f6ffentlichen Raum<br><strong>Veranstalter: <\/strong>Land Berlin<br><strong>Genre:<\/strong> Stra\u00dfenumzug, Musik, Tanz, Multi-Kulti, international<br><strong>Ketering: <\/strong>Technische Projektleitung, Sicherheitskonzept,&#8230;<br><strong>Zeitraum:<\/strong> Pfingst-Wochenende<br><strong>Ort: <\/strong>Berlin<\/p>\n\n\n\n<p>Bewerbung abgeschlossen<\/p>\n<\/div>\n\n\n\n<div class=\"wp-block-column is-layout-flow wp-block-column-is-layout-flow\">\n<h2 class=\"wp-block-heading\">Karneval der Kulturen<\/h2>\n\n\n\n<hr class=\"wp-block-separator is-style-wide\"\/>\n\n\n\n<figure class=\"wp-block-image\"><img loading=\"lazy\" decoding=\"async\" width=\"600\" height=\"400\" src=\"https:\/\/ketering.de\/wp-content\/uploads\/2019\/11\/Karneval-der-Kulturen@Frank-Lo\u0308hmer-11.jpg\" alt=\"\" class=\"wp-image-227\" srcset=\"https:\/\/ketering.de\/wp-content\/uploads\/2019\/11\/Karneval-der-Kulturen@Frank-Lo\u0308hmer-11.jpg 600w, https:\/\/ketering.de\/wp-content\/uploads\/2019\/11\/Karneval-der-Kulturen@Frank-Lo\u0308hmer-11-300x200.jpg 300w\" sizes=\"auto, (max-width: 600px) 100vw, 600px\" \/><\/figure>\n\n\n\n<p><strong>Datum: <\/strong>29. Mai 2020 &#8211; 1. Juni 2020<br><strong>Event: <\/strong>Markt im privaten Raum<br><strong>Veranstalter: <\/strong>Ketering und Kulturbrauerei Berlin<br><strong>Genre:<\/strong> Stra\u00dfenumzug, Musik, Tanz, Multi-Kulti, international<br><strong>Ketering: <\/strong>Technische Projektleitung, Sicherheitskonzept,&#8230;<br><strong>Zeitraum:<\/strong> Pfingst-Wochenende<br><strong>Ort: <\/strong>Berlin<\/p>\n\n\n<a class=\"standard-btn\" href=\"URL here\"><span>Jetzt als H\u00e4ndler bewerben<\/span><\/a>\n<\/div>\n\n\n\n<div class=\"wp-block-column is-layout-flow wp-block-column-is-layout-flow\">\n<h2 class=\"wp-block-heading\">Schl\u00f6ssernacht Potsdam<\/h2>\n\n\n\n<hr class=\"wp-block-separator is-style-wide\"\/>\n\n\n\n<figure class=\"wp-block-image\"><img loading=\"lazy\" decoding=\"async\" width=\"1024\" height=\"683\" src=\"https:\/\/ketering.de\/wp-content\/uploads\/revslider\/slider-black-header-11\/sn-1024x683.jpg\" alt=\"\" class=\"wp-image-38\" srcset=\"https:\/\/ketering.de\/wp-content\/uploads\/revslider\/slider-black-header-11\/sn-1024x683.jpg 1024w, https:\/\/ketering.de\/wp-content\/uploads\/revslider\/slider-black-header-11\/sn-300x200.jpg 300w, https:\/\/ketering.de\/wp-content\/uploads\/revslider\/slider-black-header-11\/sn-768x512.jpg 768w, https:\/\/ketering.de\/wp-content\/uploads\/revslider\/slider-black-header-11\/sn-840x560.jpg 840w, https:\/\/ketering.de\/wp-content\/uploads\/revslider\/slider-black-header-11\/sn-1200x800.jpg 1200w, https:\/\/ketering.de\/wp-content\/uploads\/revslider\/slider-black-header-11\/sn.jpg 1240w\" sizes=\"auto, (max-width: 1024px) 100vw, 1024px\" \/><\/figure>\n\n\n\n<p><strong>Datum: <\/strong>14. &#8211; 15. August 2020<br><strong>Event: <\/strong>Gro\u00dfveranstaltung im \u00f6ffentlichen Raum<br><strong>Veranstalter: <\/strong>Land Berlin<br><strong>Genre:<\/strong> Stra\u00dfenumzug, Musik, Tanz, Multi-Kulti, international<br><strong>Ketering: <\/strong>Technische Projektleitung, Sicherheitskonzept,&#8230;<br><strong>Zeitraum:<\/strong> Pfingst-Wochenende<br><strong>Ort: <\/strong>Potsdam<\/p>\n\n\n<a class=\"standard-btn\" href=\"URL here\"><span>Jetzt als H\u00e4ndler bewerben<\/span><\/a>\n<\/div>\n<\/div>\n\n\n\n<div class=\"wp-block-columns has-3-columns is-layout-flex wp-container-core-columns-is-layout-9d6595d7 wp-block-columns-is-layout-flex\">\n<div class=\"wp-block-column is-layout-flow wp-block-column-is-layout-flow\">\n<h2 class=\"wp-block-heading\">Lucia Weihnachtsmarkt<\/h2>\n\n\n\n<hr class=\"wp-block-separator is-style-wide\"\/>\n\n\n\n<figure class=\"wp-block-image\"><img loading=\"lazy\" decoding=\"async\" width=\"600\" height=\"400\" src=\"https:\/\/ketering.de\/wp-content\/uploads\/2019\/11\/Lucia-Presse-2019-Foto@Thomas-Ernst.jpg\" alt=\"\" class=\"wp-image-229\" srcset=\"https:\/\/ketering.de\/wp-content\/uploads\/2019\/11\/Lucia-Presse-2019-Foto@Thomas-Ernst.jpg 600w, https:\/\/ketering.de\/wp-content\/uploads\/2019\/11\/Lucia-Presse-2019-Foto@Thomas-Ernst-300x200.jpg 300w\" sizes=\"auto, (max-width: 600px) 100vw, 600px\" \/><\/figure>\n\n\n\n<p><strong>Datum: <\/strong>25.November &#8211; 22. Dezember 2019<br><strong>Event:<\/strong> Gro\u00dfveranstaltung im \u00f6ffentlichen Raum<br><strong>Veranstalter: <\/strong>Land Berlin<br><strong>Genre:<\/strong> Stra\u00dfenumzug, Musik, Tanz, Multi-Kulti, international<br><strong>Ketering: <\/strong>Technische Projektleitung, Sicherheitskonzept,&#8230;<br><strong>Zeitraum:<\/strong> Pfingst-Wochenende<br><strong>Ort: <\/strong>Berlin<\/p>\n\n\n\n<p>Bewerbung abgeschlossen<\/p>\n<\/div>\n\n\n\n<div class=\"wp-block-column is-layout-flow wp-block-column-is-layout-flow\">\n<h2 class=\"wp-block-heading\">Karneval der Kulturen<\/h2>\n\n\n\n<hr class=\"wp-block-separator is-style-wide\"\/>\n\n\n\n<figure class=\"wp-block-image\"><img loading=\"lazy\" decoding=\"async\" width=\"600\" height=\"400\" src=\"https:\/\/ketering.de\/wp-content\/uploads\/2019\/11\/Karneval-der-Kulturen@Frank-Lo\u0308hmer-11.jpg\" alt=\"\" class=\"wp-image-227\" srcset=\"https:\/\/ketering.de\/wp-content\/uploads\/2019\/11\/Karneval-der-Kulturen@Frank-Lo\u0308hmer-11.jpg 600w, https:\/\/ketering.de\/wp-content\/uploads\/2019\/11\/Karneval-der-Kulturen@Frank-Lo\u0308hmer-11-300x200.jpg 300w\" sizes=\"auto, (max-width: 600px) 100vw, 600px\" \/><\/figure>\n\n\n\n<p><strong>Datum: <\/strong>29. Mai 2020 &#8211; 1. Juni 2020<br><strong>Event: <\/strong>Markt im privaten Raum<br><strong>Veranstalter: <\/strong>Ketering und Kulturbrauerei Berlin<br><strong>Genre:<\/strong> Stra\u00dfenumzug, Musik, Tanz, Multi-Kulti, international<br><strong>Ketering: <\/strong>Technische Projektleitung, Sicherheitskonzept,&#8230;<br><strong>Zeitraum:<\/strong> Pfingst-Wochenende<br><strong>Ort: <\/strong>Berlin<\/p>\n\n\n<a class=\"standard-btn\" href=\"URL here\"><span>Jetzt als H\u00e4ndler bewerben<\/span><\/a>\n<\/div>\n\n\n\n<div class=\"wp-block-column is-layout-flow wp-block-column-is-layout-flow\">\n<h2 class=\"wp-block-heading\">Schl\u00f6ssernacht Potsdam<\/h2>\n\n\n\n<hr class=\"wp-block-separator is-style-wide\"\/>\n\n\n\n<figure class=\"wp-block-image\"><img loading=\"lazy\" decoding=\"async\" width=\"1024\" height=\"683\" src=\"https:\/\/ketering.de\/wp-content\/uploads\/revslider\/slider-black-header-11\/sn-1024x683.jpg\" alt=\"\" class=\"wp-image-38\" srcset=\"https:\/\/ketering.de\/wp-content\/uploads\/revslider\/slider-black-header-11\/sn-1024x683.jpg 1024w, https:\/\/ketering.de\/wp-content\/uploads\/revslider\/slider-black-header-11\/sn-300x200.jpg 300w, https:\/\/ketering.de\/wp-content\/uploads\/revslider\/slider-black-header-11\/sn-768x512.jpg 768w, https:\/\/ketering.de\/wp-content\/uploads\/revslider\/slider-black-header-11\/sn-840x560.jpg 840w, https:\/\/ketering.de\/wp-content\/uploads\/revslider\/slider-black-header-11\/sn-1200x800.jpg 1200w, https:\/\/ketering.de\/wp-content\/uploads\/revslider\/slider-black-header-11\/sn.jpg 1240w\" sizes=\"auto, (max-width: 1024px) 100vw, 1024px\" \/><\/figure>\n\n\n\n<p><strong>Datum: <\/strong>14. &#8211; 15. August 2020<br><strong>Event: <\/strong>Gro\u00dfveranstaltung im \u00f6ffentlichen Raum<br><strong>Veranstalter: <\/strong>Land Berlin<br><strong>Genre:<\/strong> Stra\u00dfenumzug, Musik, Tanz, Multi-Kulti, international<br><strong>Ketering: <\/strong>Technische Projektleitung, Sicherheitskonzept,&#8230;<br><strong>Zeitraum:<\/strong> Pfingst-Wochenende<br><strong>Ort: <\/strong>Potsdam<\/p>\n\n\n<a class=\"standard-btn\" href=\"URL here\"><span>Jetzt als H\u00e4ndler bewerben<\/span><\/a>\n<\/div>\n<\/div>\n\n\n\n<div class=\"wp-block-themepunch-revslider revslider\" data-modal=\"false\" data-slidertitle=\"footer platzhalter\"><script>console.log(\": Slider with alias footer-platzhalter not found.\")<\/script>\n<\/div>\n","protected":false},"excerpt":{"rendered":"<p>Alle Ketering-Events auf einen Blick St\u00f6bert Euch durch Stra\u00dfenfeste, Festivals, M\u00e4rkte oder Umz\u00fcge oder sucht die f\u00fcr Euch passende Veranstaltung aus! Lucia Weihnachtsmarkt Datum: 25.November &#8211; 22. Dezember 2019Event: Gro\u00dfveranstaltung im \u00f6ffentlichen RaumVeranstalter: Land BerlinGenre: Stra\u00dfenumzug, Musik, Tanz, Multi-Kulti, internationalKetering: Technische Projektleitung, Sicherheitskonzept,&#8230;Zeitraum: Pfingst-WochenendeOrt: Berlin Bewerbung abgeschlossen Karneval der Kulturen Datum: 29. Mai 2020 &#8211; 1. Juni 2020Event: Markt im privaten RaumVeranstalter: Ketering und Kulturbrauerei BerlinGenre: Stra\u00dfenumzug, Musik, Tanz, Multi-Kulti, internationalKetering: Technische Projektleitung, Sicherheitskonzept,&#8230;Zeitraum: Pfingst-WochenendeOrt: Berlin Schl\u00f6ssernacht Potsdam Datum: 14. &#8211; 15. August 2020Event: Gro\u00dfveranstaltung im \u00f6ffentlichen RaumVeranstalter: Land BerlinGenre: Stra\u00dfenumzug, Musik, Tanz, Multi-Kulti, internationalKetering: Technische Projektleitung, Sicherheitskonzept,&#8230;Zeitraum: Pfingst-WochenendeOrt: Potsdam Lucia Weihnachtsmarkt Datum: 25.November &#8211; 22. Dezember 2019Event: Gro\u00dfveranstaltung im \u00f6ffentlichen RaumVeranstalter: Land BerlinGenre: Stra\u00dfenumzug, Musik, Tanz, Multi-Kulti, internationalKetering: Technische Projektleitung, Sicherheitskonzept,&#8230;Zeitraum: Pfingst-WochenendeOrt: Berlin Bewerbung abgeschlossen Karneval der Kulturen Datum: 29. Mai 2020 &#8211; 1. Juni 2020Event: Markt im privaten RaumVeranstalter: Ketering und Kulturbrauerei BerlinGenre: Stra\u00dfenumzug, Musik, Tanz, Multi-Kulti, internationalKetering: Technische Projektleitung, Sicherheitskonzept,&#8230;Zeitraum: Pfingst-WochenendeOrt: Berlin Schl\u00f6ssernacht Potsdam Datum: 14. &#8211; 15. August 2020Event: Gro\u00dfveranstaltung im \u00f6ffentlichen RaumVeranstalter: Land BerlinGenre: Stra\u00dfenumzug, Musik, Tanz, Multi-Kulti, internationalKetering: Technische &hellip;<\/p>\n","protected":false},"author":2,"featured_media":0,"parent":0,"menu_order":0,"comment_status":"closed","ping_status":"closed","template":"page-templates\/full-width.php","meta":{"footnotes":""},"class_list":["post-111","page","type-page","status-publish","hentry"],"yoast_head":"<!-- This site is optimized with the Yoast SEO plugin v27.1.1 - https:\/\/yoast.com\/product\/yoast-seo-wordpress\/ -->\n<title>Veranstaltungen \u00dcbersicht  (Option 1) - Ketering - Event-Management<\/title>\n<meta name=\"robots\" content=\"index, follow, max-snippet:-1, max-image-preview:large, max-video-preview:-1\" \/>\n<link rel=\"canonical\" href=\"https:\/\/ketering.de\/veranstaltungen\/\" \/>\n<meta property=\"og:locale\" content=\"en_US\" \/>\n<meta property=\"og:type\" content=\"article\" \/>\n<meta property=\"og:title\" content=\"Veranstaltungen \u00dcbersicht  (Option 1) - Ketering - Event-Management\" \/>\n<meta property=\"og:description\" content=\"Alle Ketering-Events auf einen Blick St\u00f6bert Euch durch Stra\u00dfenfeste, Festivals, M\u00e4rkte oder Umz\u00fcge oder sucht die f\u00fcr Euch passende Veranstaltung aus! Lucia Weihnachtsmarkt Datum: 25.November &#8211; 22. Dezember 2019Event: Gro\u00dfveranstaltung im \u00f6ffentlichen RaumVeranstalter: Land BerlinGenre: Stra\u00dfenumzug, Musik, Tanz, Multi-Kulti, internationalKetering: Technische Projektleitung, Sicherheitskonzept,&#8230;Zeitraum: Pfingst-WochenendeOrt: Berlin Bewerbung abgeschlossen Karneval der Kulturen Datum: 29. Mai 2020 &#8211; 1. Juni 2020Event: Markt im privaten RaumVeranstalter: Ketering und Kulturbrauerei BerlinGenre: Stra\u00dfenumzug, Musik, Tanz, Multi-Kulti, internationalKetering: Technische Projektleitung, Sicherheitskonzept,&#8230;Zeitraum: Pfingst-WochenendeOrt: Berlin Schl\u00f6ssernacht Potsdam Datum: 14. &#8211; 15. August 2020Event: Gro\u00dfveranstaltung im \u00f6ffentlichen RaumVeranstalter: Land BerlinGenre: Stra\u00dfenumzug, Musik, Tanz, Multi-Kulti, internationalKetering: Technische Projektleitung, Sicherheitskonzept,&#8230;Zeitraum: Pfingst-WochenendeOrt: Potsdam Lucia Weihnachtsmarkt Datum: 25.November &#8211; 22. Dezember 2019Event: Gro\u00dfveranstaltung im \u00f6ffentlichen RaumVeranstalter: Land BerlinGenre: Stra\u00dfenumzug, Musik, Tanz, Multi-Kulti, internationalKetering: Technische Projektleitung, Sicherheitskonzept,&#8230;Zeitraum: Pfingst-WochenendeOrt: Berlin Bewerbung abgeschlossen Karneval der Kulturen Datum: 29. Mai 2020 &#8211; 1. Juni 2020Event: Markt im privaten RaumVeranstalter: Ketering und Kulturbrauerei BerlinGenre: Stra\u00dfenumzug, Musik, Tanz, Multi-Kulti, internationalKetering: Technische Projektleitung, Sicherheitskonzept,&#8230;Zeitraum: Pfingst-WochenendeOrt: Berlin Schl\u00f6ssernacht Potsdam Datum: 14. &#8211; 15. August 2020Event: Gro\u00dfveranstaltung im \u00f6ffentlichen RaumVeranstalter: Land BerlinGenre: Stra\u00dfenumzug, Musik, Tanz, Multi-Kulti, internationalKetering: Technische &hellip;\" \/>\n<meta property=\"og:url\" content=\"https:\/\/ketering.de\/veranstaltungen\/\" \/>\n<meta property=\"og:site_name\" content=\"Ketering - Event-Management\" \/>\n<meta property=\"article:modified_time\" content=\"2019-12-19T10:16:07+00:00\" \/>\n<meta property=\"og:image\" content=\"https:\/\/ketering.de\/wp-content\/uploads\/2019\/11\/Lucia-Presse-2019-Foto@Thomas-Ernst.jpg\" \/>\n<meta name=\"twitter:card\" content=\"summary_large_image\" \/>\n<meta name=\"twitter:label1\" content=\"Gesch\u00e4tzte Lesezeit\" \/>\n\t<meta name=\"twitter:data1\" content=\"1\u00a0Minute\" \/>\n<script type=\"application\/ld+json\" class=\"yoast-schema-graph\">{\"@context\":\"https:\/\/schema.org\",\"@graph\":[{\"@type\":\"WebPage\",\"@id\":\"https:\/\/ketering.de\/veranstaltungen\/\",\"url\":\"https:\/\/ketering.de\/veranstaltungen\/\",\"name\":\"Veranstaltungen \u00dcbersicht (Option 1) - Ketering - Event-Management\",\"isPartOf\":{\"@id\":\"https:\/\/ketering.de\/#website\"},\"primaryImageOfPage\":{\"@id\":\"https:\/\/ketering.de\/veranstaltungen\/#primaryimage\"},\"image\":{\"@id\":\"https:\/\/ketering.de\/veranstaltungen\/#primaryimage\"},\"thumbnailUrl\":\"https:\/\/ketering.de\/wp-content\/uploads\/2019\/11\/Lucia-Presse-2019-Foto@Thomas-Ernst.jpg\",\"datePublished\":\"2019-11-20T10:05:46+00:00\",\"dateModified\":\"2019-12-19T10:16:07+00:00\",\"breadcrumb\":{\"@id\":\"https:\/\/ketering.de\/veranstaltungen\/#breadcrumb\"},\"inLanguage\":\"de\",\"potentialAction\":[{\"@type\":\"ReadAction\",\"target\":[\"https:\/\/ketering.de\/veranstaltungen\/\"]}]},{\"@type\":\"ImageObject\",\"inLanguage\":\"de\",\"@id\":\"https:\/\/ketering.de\/veranstaltungen\/#primaryimage\",\"url\":\"https:\/\/ketering.de\/wp-content\/uploads\/2019\/11\/Lucia-Presse-2019-Foto@Thomas-Ernst.jpg\",\"contentUrl\":\"https:\/\/ketering.de\/wp-content\/uploads\/2019\/11\/Lucia-Presse-2019-Foto@Thomas-Ernst.jpg\"},{\"@type\":\"BreadcrumbList\",\"@id\":\"https:\/\/ketering.de\/veranstaltungen\/#breadcrumb\",\"itemListElement\":[{\"@type\":\"ListItem\",\"position\":1,\"name\":\"Startseite\",\"item\":\"https:\/\/ketering.de\/en\/\"},{\"@type\":\"ListItem\",\"position\":2,\"name\":\"Veranstaltungen \u00dcbersicht (Option 1)\"}]},{\"@type\":\"WebSite\",\"@id\":\"https:\/\/ketering.de\/#website\",\"url\":\"https:\/\/ketering.de\/\",\"name\":\"Ketering - Event-Management\",\"description\":\"\",\"potentialAction\":[{\"@type\":\"SearchAction\",\"target\":{\"@type\":\"EntryPoint\",\"urlTemplate\":\"https:\/\/ketering.de\/?s={search_term_string}\"},\"query-input\":{\"@type\":\"PropertyValueSpecification\",\"valueRequired\":true,\"valueName\":\"search_term_string\"}}],\"inLanguage\":\"de\"}]}<\/script>\n<!-- \/ Yoast SEO plugin. -->","yoast_head_json":{"title":"Veranstaltungen \u00dcbersicht  (Option 1) - Ketering - Event-Management","robots":{"index":"index","follow":"follow","max-snippet":"max-snippet:-1","max-image-preview":"max-image-preview:large","max-video-preview":"max-video-preview:-1"},"canonical":"https:\/\/ketering.de\/veranstaltungen\/","og_locale":"en_US","og_type":"article","og_title":"Veranstaltungen \u00dcbersicht  (Option 1) - Ketering - Event-Management","og_description":"Alle Ketering-Events auf einen Blick St\u00f6bert Euch durch Stra\u00dfenfeste, Festivals, M\u00e4rkte oder Umz\u00fcge oder sucht die f\u00fcr Euch passende Veranstaltung aus! Lucia Weihnachtsmarkt Datum: 25.November &#8211; 22. Dezember 2019Event: Gro\u00dfveranstaltung im \u00f6ffentlichen RaumVeranstalter: Land BerlinGenre: Stra\u00dfenumzug, Musik, Tanz, Multi-Kulti, internationalKetering: Technische Projektleitung, Sicherheitskonzept,&#8230;Zeitraum: Pfingst-WochenendeOrt: Berlin Bewerbung abgeschlossen Karneval der Kulturen Datum: 29. Mai 2020 &#8211; 1. Juni 2020Event: Markt im privaten RaumVeranstalter: Ketering und Kulturbrauerei BerlinGenre: Stra\u00dfenumzug, Musik, Tanz, Multi-Kulti, internationalKetering: Technische Projektleitung, Sicherheitskonzept,&#8230;Zeitraum: Pfingst-WochenendeOrt: Berlin Schl\u00f6ssernacht Potsdam Datum: 14. &#8211; 15. August 2020Event: Gro\u00dfveranstaltung im \u00f6ffentlichen RaumVeranstalter: Land BerlinGenre: Stra\u00dfenumzug, Musik, Tanz, Multi-Kulti, internationalKetering: Technische Projektleitung, Sicherheitskonzept,&#8230;Zeitraum: Pfingst-WochenendeOrt: Potsdam Lucia Weihnachtsmarkt Datum: 25.November &#8211; 22. Dezember 2019Event: Gro\u00dfveranstaltung im \u00f6ffentlichen RaumVeranstalter: Land BerlinGenre: Stra\u00dfenumzug, Musik, Tanz, Multi-Kulti, internationalKetering: Technische Projektleitung, Sicherheitskonzept,&#8230;Zeitraum: Pfingst-WochenendeOrt: Berlin Bewerbung abgeschlossen Karneval der Kulturen Datum: 29. Mai 2020 &#8211; 1. Juni 2020Event: Markt im privaten RaumVeranstalter: Ketering und Kulturbrauerei BerlinGenre: Stra\u00dfenumzug, Musik, Tanz, Multi-Kulti, internationalKetering: Technische Projektleitung, Sicherheitskonzept,&#8230;Zeitraum: Pfingst-WochenendeOrt: Berlin Schl\u00f6ssernacht Potsdam Datum: 14. &#8211; 15. August 2020Event: Gro\u00dfveranstaltung im \u00f6ffentlichen RaumVeranstalter: Land BerlinGenre: Stra\u00dfenumzug, Musik, Tanz, Multi-Kulti, internationalKetering: Technische &hellip;","og_url":"https:\/\/ketering.de\/veranstaltungen\/","og_site_name":"Ketering - Event-Management","article_modified_time":"2019-12-19T10:16:07+00:00","og_image":[{"url":"https:\/\/ketering.de\/wp-content\/uploads\/2019\/11\/Lucia-Presse-2019-Foto@Thomas-Ernst.jpg","type":"","width":"","height":""}],"twitter_card":"summary_large_image","twitter_misc":{"Gesch\u00e4tzte Lesezeit":"1\u00a0Minute"},"schema":{"@context":"https:\/\/schema.org","@graph":[{"@type":"WebPage","@id":"https:\/\/ketering.de\/veranstaltungen\/","url":"https:\/\/ketering.de\/veranstaltungen\/","name":"Veranstaltungen \u00dcbersicht (Option 1) - Ketering - Event-Management","isPartOf":{"@id":"https:\/\/ketering.de\/#website"},"primaryImageOfPage":{"@id":"https:\/\/ketering.de\/veranstaltungen\/#primaryimage"},"image":{"@id":"https:\/\/ketering.de\/veranstaltungen\/#primaryimage"},"thumbnailUrl":"https:\/\/ketering.de\/wp-content\/uploads\/2019\/11\/Lucia-Presse-2019-Foto@Thomas-Ernst.jpg","datePublished":"2019-11-20T10:05:46+00:00","dateModified":"2019-12-19T10:16:07+00:00","breadcrumb":{"@id":"https:\/\/ketering.de\/veranstaltungen\/#breadcrumb"},"inLanguage":"de","potentialAction":[{"@type":"ReadAction","target":["https:\/\/ketering.de\/veranstaltungen\/"]}]},{"@type":"ImageObject","inLanguage":"de","@id":"https:\/\/ketering.de\/veranstaltungen\/#primaryimage","url":"https:\/\/ketering.de\/wp-content\/uploads\/2019\/11\/Lucia-Presse-2019-Foto@Thomas-Ernst.jpg","contentUrl":"https:\/\/ketering.de\/wp-content\/uploads\/2019\/11\/Lucia-Presse-2019-Foto@Thomas-Ernst.jpg"},{"@type":"BreadcrumbList","@id":"https:\/\/ketering.de\/veranstaltungen\/#breadcrumb","itemListElement":[{"@type":"ListItem","position":1,"name":"Startseite","item":"https:\/\/ketering.de\/en\/"},{"@type":"ListItem","position":2,"name":"Veranstaltungen \u00dcbersicht (Option 1)"}]},{"@type":"WebSite","@id":"https:\/\/ketering.de\/#website","url":"https:\/\/ketering.de\/","name":"Ketering - Event-Management","description":"","potentialAction":[{"@type":"SearchAction","target":{"@type":"EntryPoint","urlTemplate":"https:\/\/ketering.de\/?s={search_term_string}"},"query-input":{"@type":"PropertyValueSpecification","valueRequired":true,"valueName":"search_term_string"}}],"inLanguage":"de"}]}},"_links":{"self":[{"href":"https:\/\/ketering.de\/en\/wp-json\/wp\/v2\/pages\/111","targetHints":{"allow":["GET"]}}],"collection":[{"href":"https:\/\/ketering.de\/en\/wp-json\/wp\/v2\/pages"}],"about":[{"href":"https:\/\/ketering.de\/en\/wp-json\/wp\/v2\/types\/page"}],"author":[{"embeddable":true,"href":"https:\/\/ketering.de\/en\/wp-json\/wp\/v2\/users\/2"}],"replies":[{"embeddable":true,"href":"https:\/\/ketering.de\/en\/wp-json\/wp\/v2\/comments?post=111"}],"version-history":[{"count":49,"href":"https:\/\/ketering.de\/en\/wp-json\/wp\/v2\/pages\/111\/revisions"}],"predecessor-version":[{"id":1963,"href":"https:\/\/ketering.de\/en\/wp-json\/wp\/v2\/pages\/111\/revisions\/1963"}],"wp:attachment":[{"href":"https:\/\/ketering.de\/en\/wp-json\/wp\/v2\/media?parent=111"}],"curies":[{"name":"wp","href":"https:\/\/api.w.org\/{rel}","templated":true}]}}